{"id":268754,"date":"2015-08-25T01:23:46","date_gmt":"2015-08-25T01:23:46","guid":{"rendered":"https:\/\/sfcsstl.org\/gobernanza\/"},"modified":"2025-09-25T21:42:13","modified_gmt":"2025-09-25T21:42:13","slug":"gobernanza","status":"publish","type":"page","link":"https:\/\/sfcsstl.org\/es\/acerca-de\/gobernanza\/","title":{"rendered":"Gobernanza"},"content":{"rendered":"\r\n<h3>Junta directiva<\/h3>\r\n<p>Nuestra junta directiva son los principales l\u00edderes de St. Francis Community Services. La junta directiva define nuestra misi\u00f3n y rige el cumplimiento de nuestra visi\u00f3n. <\/p>\r\n<h3>Administradores<\/h3>\r\n<p><strong>Cheryl Archibald, Presidenta<\/strong><br>Coordinadora de vida parroquial, st. Vincent DePaul &amp; st. Pius v<\/p>\r\n<p><strong>Dan Moore, Vicepresidente<\/strong><br>Vicepresidente, consultor de beneficios, segal<\/p>\r\n<p><strong>Ness Sandoval, Secretario<\/strong><br>Profesor, St Louis University<\/p>\r\n<p><strong>Patsy baldes, Tesorera<\/strong><br>VP de contabilidad, Charter Communications<\/p>\r\n<h3>Miembros<\/h3>\r\n<p><strong>Erica Claudin<\/strong><br>Directora s\u00e9nior, Procesos y Controles de Negocio, Charter Communications, Inc. <\/p>\r\n<p><strong>Jared Bryson<\/strong><br>Presidente, Catholic Charities of St. Louis<\/p>\r\n<p><strong>Jennifer passini<\/strong><br>Directora s\u00e9nior, NICE<\/p>\r\n<p><strong>Jesse Hill<\/strong><br>Legal, Edward Jones<\/p>\r\n<p><strong>Jessie chappell<\/strong><br>Abogada, CG immigration law, LLC<\/p>\r\n<p><strong>John Heithaus<\/strong><br>Director, Ernst &amp; Young, LLC<\/p>\r\n<p><strong>Ness sandoval<\/strong><br>Profesor asociado, Saint Louis University<\/p>\r\n<p><strong>Hna. Susan Borgel <\/strong><br>Consejero general, Hermanas de la Precios\u00edsima Sangre<\/p>\r\n<p><strong>Tony Krawat<\/strong><br>Vicepresidente s\u00e9nior, Mercy Health<\/p>\r\n<p><strong>Vy-Thao Dao<\/strong><br>Gestor de proyectos, Mastercard<\/p>\r\n<p><\/p>\n","protected":false},"excerpt":{"rendered":"<p>Junta directiva Nuestra junta directiva son los principales l\u00edderes de St. Francis Community Services. La junta directiva define nuestra misi\u00f3n y rige el cumplimiento de nuestra visi\u00f3n. Administradores Cheryl Archibald, PresidentaCoordinadora de vida parroquial, st. Vincent DePaul &amp; st. Pius v Dan Moore, VicepresidenteVicepresidente, consultor de beneficios, segal Ness Sandoval, SecretarioProfesor, St Louis University Patsy&hellip;<\/p>\n","protected":false},"author":9,"featured_media":268654,"parent":268755,"menu_order":40,"comment_status":"closed","ping_status":"closed","template":"","meta":{"_acf_changed":false,"inline_featured_image":false,"footnotes":""},"class_list":["post-268754","page","type-page","status-publish","has-post-thumbnail","hentry"],"acf":[],"aioseo_notices":[],"yoast_head":"<!-- This site is optimized with the Yoast SEO plugin v24.1 - https:\/\/yoast.com\/wordpress\/plugins\/seo\/ -->\n<title>Gobernanza - St. Francis Community Services<\/title>\n<meta name=\"robots\" content=\"index, follow, max-snippet:-1, max-image-preview:large, max-video-preview:-1\" \/>\n<link rel=\"canonical\" href=\"https:\/\/sfcsstl.org\/es\/acerca-de\/gobernanza\/\" \/>\n<meta property=\"og:locale\" content=\"es_ES\" \/>\n<meta property=\"og:type\" content=\"article\" \/>\n<meta property=\"og:title\" content=\"Gobernanza - St. Francis Community Services\" \/>\n<meta property=\"og:description\" content=\"Junta directiva Nuestra junta directiva son los principales l\u00edderes de St. Francis Community Services. La junta directiva define nuestra misi\u00f3n y rige el cumplimiento de nuestra visi\u00f3n. Administradores Cheryl Archibald, PresidentaCoordinadora de vida parroquial, st. Vincent DePaul &amp; st. Pius v Dan Moore, VicepresidenteVicepresidente, consultor de beneficios, segal Ness Sandoval, SecretarioProfesor, St Louis University Patsy&hellip;\" \/>\n<meta property=\"og:url\" content=\"https:\/\/sfcsstl.org\/es\/acerca-de\/gobernanza\/\" \/>\n<meta property=\"og:site_name\" content=\"St. Francis Community Services\" \/>\n<meta property=\"article:modified_time\" content=\"2025-09-25T21:42:13+00:00\" \/>\n<meta property=\"og:image\" content=\"https:\/\/sfcsstl.org\/wp-content\/uploads\/2025\/04\/green-scaled.jpg\" \/>\n\t<meta property=\"og:image:width\" content=\"2560\" \/>\n\t<meta property=\"og:image:height\" content=\"1708\" \/>\n\t<meta property=\"og:image:type\" content=\"image\/jpeg\" \/>\n<meta name=\"twitter:card\" content=\"summary_large_image\" \/>\n<meta name=\"twitter:label1\" content=\"Est. reading time\" \/>\n\t<meta name=\"twitter:data1\" content=\"1 minuto\" \/>\n<script type=\"application\/ld+json\" class=\"yoast-schema-graph\">{\"@context\":\"https:\/\/schema.org\",\"@graph\":[{\"@type\":\"WebPage\",\"@id\":\"https:\/\/sfcsstl.org\/es\/acerca-de\/gobernanza\/\",\"url\":\"https:\/\/sfcsstl.org\/es\/acerca-de\/gobernanza\/\",\"name\":\"Gobernanza - St. Francis Community Services\",\"isPartOf\":{\"@id\":\"https:\/\/sfcsstl.org\/es\/#website\"},\"primaryImageOfPage\":{\"@id\":\"https:\/\/sfcsstl.org\/es\/acerca-de\/gobernanza\/#primaryimage\"},\"image\":{\"@id\":\"https:\/\/sfcsstl.org\/es\/acerca-de\/gobernanza\/#primaryimage\"},\"thumbnailUrl\":\"https:\/\/sfcsstl.org\/wp-content\/uploads\/2025\/04\/green-scaled.jpg\",\"datePublished\":\"2015-08-25T01:23:46+00:00\",\"dateModified\":\"2025-09-25T21:42:13+00:00\",\"breadcrumb\":{\"@id\":\"https:\/\/sfcsstl.org\/es\/acerca-de\/gobernanza\/#breadcrumb\"},\"inLanguage\":\"es\",\"potentialAction\":[{\"@type\":\"ReadAction\",\"target\":[\"https:\/\/sfcsstl.org\/es\/acerca-de\/gobernanza\/\"]}]},{\"@type\":\"ImageObject\",\"inLanguage\":\"es\",\"@id\":\"https:\/\/sfcsstl.org\/es\/acerca-de\/gobernanza\/#primaryimage\",\"url\":\"https:\/\/sfcsstl.org\/wp-content\/uploads\/2025\/04\/green-scaled.jpg\",\"contentUrl\":\"https:\/\/sfcsstl.org\/wp-content\/uploads\/2025\/04\/green-scaled.jpg\",\"width\":2560,\"height\":1708},{\"@type\":\"BreadcrumbList\",\"@id\":\"https:\/\/sfcsstl.org\/es\/acerca-de\/gobernanza\/#breadcrumb\",\"itemListElement\":[{\"@type\":\"ListItem\",\"position\":1,\"name\":\"Home\",\"item\":\"https:\/\/sfcsstl.org\/es\/\"},{\"@type\":\"ListItem\",\"position\":2,\"name\":\"Acerca de\",\"item\":\"https:\/\/sfcsstl.org\/es\/acerca-de\/\"},{\"@type\":\"ListItem\",\"position\":3,\"name\":\"Gobernanza\"}]},{\"@type\":\"WebSite\",\"@id\":\"https:\/\/sfcsstl.org\/es\/#website\",\"url\":\"https:\/\/sfcsstl.org\/es\/\",\"name\":\"St. Francis Community Services\",\"description\":\"Achieving A Better Tomorrow\",\"potentialAction\":[{\"@type\":\"SearchAction\",\"target\":{\"@type\":\"EntryPoint\",\"urlTemplate\":\"https:\/\/sfcsstl.org\/es\/?s={search_term_string}\"},\"query-input\":{\"@type\":\"PropertyValueSpecification\",\"valueRequired\":true,\"valueName\":\"search_term_string\"}}],\"inLanguage\":\"es\"}]}<\/script>\n<!-- \/ Yoast SEO plugin. -->","yoast_head_json":{"title":"Gobernanza - St. Francis Community Services","robots":{"index":"index","follow":"follow","max-snippet":"max-snippet:-1","max-image-preview":"max-image-preview:large","max-video-preview":"max-video-preview:-1"},"canonical":"https:\/\/sfcsstl.org\/es\/acerca-de\/gobernanza\/","og_locale":"es_ES","og_type":"article","og_title":"Gobernanza - St. Francis Community Services","og_description":"Junta directiva Nuestra junta directiva son los principales l\u00edderes de St. Francis Community Services. La junta directiva define nuestra misi\u00f3n y rige el cumplimiento de nuestra visi\u00f3n. Administradores Cheryl Archibald, PresidentaCoordinadora de vida parroquial, st. Vincent DePaul &amp; st. Pius v Dan Moore, VicepresidenteVicepresidente, consultor de beneficios, segal Ness Sandoval, SecretarioProfesor, St Louis University Patsy&hellip;","og_url":"https:\/\/sfcsstl.org\/es\/acerca-de\/gobernanza\/","og_site_name":"St. Francis Community Services","article_modified_time":"2025-09-25T21:42:13+00:00","og_image":[{"width":2560,"height":1708,"url":"https:\/\/sfcsstl.org\/wp-content\/uploads\/2025\/04\/green-scaled.jpg","type":"image\/jpeg"}],"twitter_card":"summary_large_image","twitter_misc":{"Est. reading time":"1 minuto"},"schema":{"@context":"https:\/\/schema.org","@graph":[{"@type":"WebPage","@id":"https:\/\/sfcsstl.org\/es\/acerca-de\/gobernanza\/","url":"https:\/\/sfcsstl.org\/es\/acerca-de\/gobernanza\/","name":"Gobernanza - St. Francis Community Services","isPartOf":{"@id":"https:\/\/sfcsstl.org\/es\/#website"},"primaryImageOfPage":{"@id":"https:\/\/sfcsstl.org\/es\/acerca-de\/gobernanza\/#primaryimage"},"image":{"@id":"https:\/\/sfcsstl.org\/es\/acerca-de\/gobernanza\/#primaryimage"},"thumbnailUrl":"https:\/\/sfcsstl.org\/wp-content\/uploads\/2025\/04\/green-scaled.jpg","datePublished":"2015-08-25T01:23:46+00:00","dateModified":"2025-09-25T21:42:13+00:00","breadcrumb":{"@id":"https:\/\/sfcsstl.org\/es\/acerca-de\/gobernanza\/#breadcrumb"},"inLanguage":"es","potentialAction":[{"@type":"ReadAction","target":["https:\/\/sfcsstl.org\/es\/acerca-de\/gobernanza\/"]}]},{"@type":"ImageObject","inLanguage":"es","@id":"https:\/\/sfcsstl.org\/es\/acerca-de\/gobernanza\/#primaryimage","url":"https:\/\/sfcsstl.org\/wp-content\/uploads\/2025\/04\/green-scaled.jpg","contentUrl":"https:\/\/sfcsstl.org\/wp-content\/uploads\/2025\/04\/green-scaled.jpg","width":2560,"height":1708},{"@type":"BreadcrumbList","@id":"https:\/\/sfcsstl.org\/es\/acerca-de\/gobernanza\/#breadcrumb","itemListElement":[{"@type":"ListItem","position":1,"name":"Home","item":"https:\/\/sfcsstl.org\/es\/"},{"@type":"ListItem","position":2,"name":"Acerca de","item":"https:\/\/sfcsstl.org\/es\/acerca-de\/"},{"@type":"ListItem","position":3,"name":"Gobernanza"}]},{"@type":"WebSite","@id":"https:\/\/sfcsstl.org\/es\/#website","url":"https:\/\/sfcsstl.org\/es\/","name":"St. Francis Community Services","description":"Achieving A Better Tomorrow","potentialAction":[{"@type":"SearchAction","target":{"@type":"EntryPoint","urlTemplate":"https:\/\/sfcsstl.org\/es\/?s={search_term_string}"},"query-input":{"@type":"PropertyValueSpecification","valueRequired":true,"valueName":"search_term_string"}}],"inLanguage":"es"}]}},"_links":{"self":[{"href":"https:\/\/sfcsstl.org\/es\/wp-json\/wp\/v2\/pages\/268754","targetHints":{"allow":["GET"]}}],"collection":[{"href":"https:\/\/sfcsstl.org\/es\/wp-json\/wp\/v2\/pages"}],"about":[{"href":"https:\/\/sfcsstl.org\/es\/wp-json\/wp\/v2\/types\/page"}],"author":[{"embeddable":true,"href":"https:\/\/sfcsstl.org\/es\/wp-json\/wp\/v2\/users\/9"}],"replies":[{"embeddable":true,"href":"https:\/\/sfcsstl.org\/es\/wp-json\/wp\/v2\/comments?post=268754"}],"version-history":[{"count":0,"href":"https:\/\/sfcsstl.org\/es\/wp-json\/wp\/v2\/pages\/268754\/revisions"}],"up":[{"embeddable":true,"href":"https:\/\/sfcsstl.org\/es\/wp-json\/wp\/v2\/pages\/268755"}],"wp:featuredmedia":[{"embeddable":true,"href":"https:\/\/sfcsstl.org\/es\/wp-json\/wp\/v2\/media\/268654"}],"wp:attachment":[{"href":"https:\/\/sfcsstl.org\/es\/wp-json\/wp\/v2\/media?parent=268754"}],"curies":[{"name":"wp","href":"https:\/\/api.w.org\/{rel}","templated":true}]}}