{"id":268753,"date":"2015-09-02T07:24:06","date_gmt":"2015-09-02T07:24:06","guid":{"rendered":"https:\/\/sfcsstl.org\/participa\/voluntariado\/"},"modified":"2025-11-27T16:49:27","modified_gmt":"2025-11-27T16:49:27","slug":"voluntariado","status":"publish","type":"page","link":"https:\/\/sfcsstl.org\/es\/participa\/voluntariado\/","title":{"rendered":"Voluntariado"},"content":{"rendered":"\r\n<h3 style=\"text-align: center;\">\u00a1S\u00e9 voluntario con nosotros!<\/h3>\r\n<p>Cada a\u00f1o, m\u00e1s de 100 personas colaboran como voluntarias en St. Francis Community Services. Algunos dedican su tiempo cada semana a dar clases particulares a ni\u00f1os, ofrecer servicios profesionales o atender el tel\u00e9fono en una oficina. Otros vienen solo una vez para ayudar con un proyecto especial, como un evento de recaudaci\u00f3n de fondos. El a\u00f1o pasado, los voluntarios dedicaron m\u00e1s de 8.500 horas de servicio. Cada voluntario es apreciado y esencial para nuestro trabajo.<\/p>\r\n<h3 style=\"text-align: center;\">C\u00f3mo ser voluntario<\/h3>\r\n<p>Existen muchas oportunidades para aplicar sus habilidades e intereses y formar parte de nuestra misi\u00f3n de mejorar la vida de quienes servimos y de la comunidad en general. Contamos con oportunidades espec\u00edficas, a corto plazo y largo plazo, para que pueda ayudar<\/p>\r\n<p>Para postularte como voluntario, haz clic en el siguiente enlace y completa la solicitud. Una vez que se apruebe tu solicitud, te contactaremos para que puedas registrarte.<br>Enlace de registro: <a href=\"http:\/\/ccstl.org\/sfcs-volunteer\"><span class=\"text_1\">ccstl.org\/sfcs-volunteer<\/span><\/a><\/p>\r\n<p>Preguntas<b>:<\/b> Comun\u00edquese con el coordinador de voluntarios en el 314-773-6100<\/p>\r\n<p>Tenga en cuenta que los voluntarios que puedan estar en contacto con ni\u00f1os deber\u00e1n someterse a una verificaci\u00f3n de antecedentes penales y asistir a un taller llamado \u00abProtegiendo a los Ni\u00f1os de Dios\u00bb. El calendario de talleres est\u00e1 disponible en <a class=\"text_1\" href=\"https:\/\/www.preventandprotectstl.org\/s\/stlouis\/pgc.htm\">www.preventandprotectstl.org<\/a>.<\/p>\r\n","protected":false},"excerpt":{"rendered":"<p>\u00a1S\u00e9 voluntario con nosotros! Cada a\u00f1o, m\u00e1s de 100 personas colaboran como voluntarias en St. Francis Community Services. Algunos dedican su tiempo cada semana a dar clases particulares a ni\u00f1os, ofrecer servicios profesionales o atender el tel\u00e9fono en una oficina. Otros vienen solo una vez para ayudar con un proyecto especial, como un evento de&hellip;<\/p>\n","protected":false},"author":9,"featured_media":268924,"parent":268741,"menu_order":20,"comment_status":"closed","ping_status":"closed","template":"","meta":{"_acf_changed":false,"inline_featured_image":false,"footnotes":""},"class_list":["post-268753","page","type-page","status-publish","has-post-thumbnail","hentry"],"acf":[],"aioseo_notices":[],"yoast_head":"<!-- This site is optimized with the Yoast SEO plugin v24.1 - https:\/\/yoast.com\/wordpress\/plugins\/seo\/ -->\n<title>Voluntariado - St. Francis Community Services<\/title>\n<meta name=\"robots\" content=\"index, follow, max-snippet:-1, max-image-preview:large, max-video-preview:-1\" \/>\n<link rel=\"canonical\" href=\"https:\/\/sfcsstl.org\/es\/participa\/voluntariado\/\" \/>\n<meta property=\"og:locale\" content=\"es_ES\" \/>\n<meta property=\"og:type\" content=\"article\" \/>\n<meta property=\"og:title\" content=\"Voluntariado - St. Francis Community Services\" \/>\n<meta property=\"og:description\" content=\"\u00a1S\u00e9 voluntario con nosotros! Cada a\u00f1o, m\u00e1s de 100 personas colaboran como voluntarias en St. Francis Community Services. Algunos dedican su tiempo cada semana a dar clases particulares a ni\u00f1os, ofrecer servicios profesionales o atender el tel\u00e9fono en una oficina. Otros vienen solo una vez para ayudar con un proyecto especial, como un evento de&hellip;\" \/>\n<meta property=\"og:url\" content=\"https:\/\/sfcsstl.org\/es\/participa\/voluntariado\/\" \/>\n<meta property=\"og:site_name\" content=\"St. Francis Community Services\" \/>\n<meta property=\"article:modified_time\" content=\"2025-11-27T16:49:27+00:00\" \/>\n<meta property=\"og:image\" content=\"https:\/\/sfcsstl.org\/wp-content\/uploads\/2025\/11\/Contact_Volunteer-Youth-Tutor-scaled.jpg\" \/>\n\t<meta property=\"og:image:width\" content=\"1707\" \/>\n\t<meta property=\"og:image:height\" content=\"2560\" \/>\n\t<meta property=\"og:image:type\" content=\"image\/jpeg\" \/>\n<meta name=\"twitter:card\" content=\"summary_large_image\" \/>\n<meta name=\"twitter:label1\" content=\"Est. reading time\" \/>\n\t<meta name=\"twitter:data1\" content=\"2 minutos\" \/>\n<script type=\"application\/ld+json\" class=\"yoast-schema-graph\">{\"@context\":\"https:\/\/schema.org\",\"@graph\":[{\"@type\":\"WebPage\",\"@id\":\"https:\/\/sfcsstl.org\/es\/participa\/voluntariado\/\",\"url\":\"https:\/\/sfcsstl.org\/es\/participa\/voluntariado\/\",\"name\":\"Voluntariado - St. Francis Community Services\",\"isPartOf\":{\"@id\":\"https:\/\/sfcsstl.org\/es\/#website\"},\"primaryImageOfPage\":{\"@id\":\"https:\/\/sfcsstl.org\/es\/participa\/voluntariado\/#primaryimage\"},\"image\":{\"@id\":\"https:\/\/sfcsstl.org\/es\/participa\/voluntariado\/#primaryimage\"},\"thumbnailUrl\":\"https:\/\/sfcsstl.org\/wp-content\/uploads\/2025\/11\/Contact_Volunteer-Youth-Tutor-scaled.jpg\",\"datePublished\":\"2015-09-02T07:24:06+00:00\",\"dateModified\":\"2025-11-27T16:49:27+00:00\",\"breadcrumb\":{\"@id\":\"https:\/\/sfcsstl.org\/es\/participa\/voluntariado\/#breadcrumb\"},\"inLanguage\":\"es\",\"potentialAction\":[{\"@type\":\"ReadAction\",\"target\":[\"https:\/\/sfcsstl.org\/es\/participa\/voluntariado\/\"]}]},{\"@type\":\"ImageObject\",\"inLanguage\":\"es\",\"@id\":\"https:\/\/sfcsstl.org\/es\/participa\/voluntariado\/#primaryimage\",\"url\":\"https:\/\/sfcsstl.org\/wp-content\/uploads\/2025\/11\/Contact_Volunteer-Youth-Tutor-scaled.jpg\",\"contentUrl\":\"https:\/\/sfcsstl.org\/wp-content\/uploads\/2025\/11\/Contact_Volunteer-Youth-Tutor-scaled.jpg\",\"width\":1707,\"height\":2560},{\"@type\":\"BreadcrumbList\",\"@id\":\"https:\/\/sfcsstl.org\/es\/participa\/voluntariado\/#breadcrumb\",\"itemListElement\":[{\"@type\":\"ListItem\",\"position\":1,\"name\":\"Home\",\"item\":\"https:\/\/sfcsstl.org\/es\/\"},{\"@type\":\"ListItem\",\"position\":2,\"name\":\"Participa\",\"item\":\"https:\/\/sfcsstl.org\/es\/participa\/\"},{\"@type\":\"ListItem\",\"position\":3,\"name\":\"Voluntariado\"}]},{\"@type\":\"WebSite\",\"@id\":\"https:\/\/sfcsstl.org\/es\/#website\",\"url\":\"https:\/\/sfcsstl.org\/es\/\",\"name\":\"St. Francis Community Services\",\"description\":\"Achieving A Better Tomorrow\",\"potentialAction\":[{\"@type\":\"SearchAction\",\"target\":{\"@type\":\"EntryPoint\",\"urlTemplate\":\"https:\/\/sfcsstl.org\/es\/?s={search_term_string}\"},\"query-input\":{\"@type\":\"PropertyValueSpecification\",\"valueRequired\":true,\"valueName\":\"search_term_string\"}}],\"inLanguage\":\"es\"}]}<\/script>\n<!-- \/ Yoast SEO plugin. -->","yoast_head_json":{"title":"Voluntariado - St. Francis Community Services","robots":{"index":"index","follow":"follow","max-snippet":"max-snippet:-1","max-image-preview":"max-image-preview:large","max-video-preview":"max-video-preview:-1"},"canonical":"https:\/\/sfcsstl.org\/es\/participa\/voluntariado\/","og_locale":"es_ES","og_type":"article","og_title":"Voluntariado - St. Francis Community Services","og_description":"\u00a1S\u00e9 voluntario con nosotros! Cada a\u00f1o, m\u00e1s de 100 personas colaboran como voluntarias en St. Francis Community Services. Algunos dedican su tiempo cada semana a dar clases particulares a ni\u00f1os, ofrecer servicios profesionales o atender el tel\u00e9fono en una oficina. Otros vienen solo una vez para ayudar con un proyecto especial, como un evento de&hellip;","og_url":"https:\/\/sfcsstl.org\/es\/participa\/voluntariado\/","og_site_name":"St. Francis Community Services","article_modified_time":"2025-11-27T16:49:27+00:00","og_image":[{"width":1707,"height":2560,"url":"https:\/\/sfcsstl.org\/wp-content\/uploads\/2025\/11\/Contact_Volunteer-Youth-Tutor-scaled.jpg","type":"image\/jpeg"}],"twitter_card":"summary_large_image","twitter_misc":{"Est. reading time":"2 minutos"},"schema":{"@context":"https:\/\/schema.org","@graph":[{"@type":"WebPage","@id":"https:\/\/sfcsstl.org\/es\/participa\/voluntariado\/","url":"https:\/\/sfcsstl.org\/es\/participa\/voluntariado\/","name":"Voluntariado - St. Francis Community Services","isPartOf":{"@id":"https:\/\/sfcsstl.org\/es\/#website"},"primaryImageOfPage":{"@id":"https:\/\/sfcsstl.org\/es\/participa\/voluntariado\/#primaryimage"},"image":{"@id":"https:\/\/sfcsstl.org\/es\/participa\/voluntariado\/#primaryimage"},"thumbnailUrl":"https:\/\/sfcsstl.org\/wp-content\/uploads\/2025\/11\/Contact_Volunteer-Youth-Tutor-scaled.jpg","datePublished":"2015-09-02T07:24:06+00:00","dateModified":"2025-11-27T16:49:27+00:00","breadcrumb":{"@id":"https:\/\/sfcsstl.org\/es\/participa\/voluntariado\/#breadcrumb"},"inLanguage":"es","potentialAction":[{"@type":"ReadAction","target":["https:\/\/sfcsstl.org\/es\/participa\/voluntariado\/"]}]},{"@type":"ImageObject","inLanguage":"es","@id":"https:\/\/sfcsstl.org\/es\/participa\/voluntariado\/#primaryimage","url":"https:\/\/sfcsstl.org\/wp-content\/uploads\/2025\/11\/Contact_Volunteer-Youth-Tutor-scaled.jpg","contentUrl":"https:\/\/sfcsstl.org\/wp-content\/uploads\/2025\/11\/Contact_Volunteer-Youth-Tutor-scaled.jpg","width":1707,"height":2560},{"@type":"BreadcrumbList","@id":"https:\/\/sfcsstl.org\/es\/participa\/voluntariado\/#breadcrumb","itemListElement":[{"@type":"ListItem","position":1,"name":"Home","item":"https:\/\/sfcsstl.org\/es\/"},{"@type":"ListItem","position":2,"name":"Participa","item":"https:\/\/sfcsstl.org\/es\/participa\/"},{"@type":"ListItem","position":3,"name":"Voluntariado"}]},{"@type":"WebSite","@id":"https:\/\/sfcsstl.org\/es\/#website","url":"https:\/\/sfcsstl.org\/es\/","name":"St. Francis Community Services","description":"Achieving A Better Tomorrow","potentialAction":[{"@type":"SearchAction","target":{"@type":"EntryPoint","urlTemplate":"https:\/\/sfcsstl.org\/es\/?s={search_term_string}"},"query-input":{"@type":"PropertyValueSpecification","valueRequired":true,"valueName":"search_term_string"}}],"inLanguage":"es"}]}},"_links":{"self":[{"href":"https:\/\/sfcsstl.org\/es\/wp-json\/wp\/v2\/pages\/268753","targetHints":{"allow":["GET"]}}],"collection":[{"href":"https:\/\/sfcsstl.org\/es\/wp-json\/wp\/v2\/pages"}],"about":[{"href":"https:\/\/sfcsstl.org\/es\/wp-json\/wp\/v2\/types\/page"}],"author":[{"embeddable":true,"href":"https:\/\/sfcsstl.org\/es\/wp-json\/wp\/v2\/users\/9"}],"replies":[{"embeddable":true,"href":"https:\/\/sfcsstl.org\/es\/wp-json\/wp\/v2\/comments?post=268753"}],"version-history":[{"count":0,"href":"https:\/\/sfcsstl.org\/es\/wp-json\/wp\/v2\/pages\/268753\/revisions"}],"up":[{"embeddable":true,"href":"https:\/\/sfcsstl.org\/es\/wp-json\/wp\/v2\/pages\/268741"}],"wp:featuredmedia":[{"embeddable":true,"href":"https:\/\/sfcsstl.org\/es\/wp-json\/wp\/v2\/media\/268924"}],"wp:attachment":[{"href":"https:\/\/sfcsstl.org\/es\/wp-json\/wp\/v2\/media?parent=268753"}],"curies":[{"name":"wp","href":"https:\/\/api.w.org\/{rel}","templated":true}]}}