{"id":268750,"date":"2015-08-21T15:11:11","date_gmt":"2015-08-21T15:11:11","guid":{"rendered":"https:\/\/sfcsstl.org\/donar\/"},"modified":"2025-11-27T16:47:55","modified_gmt":"2025-11-27T16:47:55","slug":"donar","status":"publish","type":"page","link":"https:\/\/sfcsstl.org\/es\/donar\/","title":{"rendered":"Donar"},"content":{"rendered":"","protected":false},"excerpt":{"rendered":"","protected":false},"author":9,"featured_media":0,"parent":0,"menu_order":10,"comment_status":"closed","ping_status":"closed","template":"","meta":{"_acf_changed":false,"inline_featured_image":false,"footnotes":""},"class_list":["post-268750","page","type-page","status-publish","hentry"],"acf":[],"aioseo_notices":[],"yoast_head":"<!-- This site is optimized with the Yoast SEO plugin v24.1 - https:\/\/yoast.com\/wordpress\/plugins\/seo\/ -->\n<title>Donar - St. Francis Community Services<\/title>\n<meta name=\"description\" content=\"\u00a1Dona hoy! Tu donativo ayudar\u00e1 a los m\u00e1s pobres. Completa el formulario online o env\u00eda un cheque.\" \/>\n<meta name=\"robots\" content=\"index, follow, max-snippet:-1, max-image-preview:large, max-video-preview:-1\" \/>\n<link rel=\"canonical\" href=\"https:\/\/sfcsstl.org\/es\/donar\/\" \/>\n<meta property=\"og:locale\" content=\"es_ES\" \/>\n<meta property=\"og:type\" content=\"article\" \/>\n<meta property=\"og:title\" content=\"Donar - St. Francis Community Services\" \/>\n<meta property=\"og:description\" content=\"\u00a1Dona hoy! Tu donativo ayudar\u00e1 a los m\u00e1s pobres. Completa el formulario online o env\u00eda un cheque.\" \/>\n<meta property=\"og:url\" content=\"https:\/\/sfcsstl.org\/es\/donar\/\" \/>\n<meta property=\"og:site_name\" content=\"St. Francis Community Services\" \/>\n<meta property=\"article:modified_time\" content=\"2025-11-27T16:47:55+00:00\" \/>\n<meta name=\"twitter:card\" content=\"summary_large_image\" \/>\n<meta name=\"twitter:label1\" content=\"Est. reading time\" \/>\n\t<meta name=\"twitter:data1\" content=\"6 minutos\" \/>\n<script type=\"application\/ld+json\" class=\"yoast-schema-graph\">{\"@context\":\"https:\/\/schema.org\",\"@graph\":[{\"@type\":\"WebPage\",\"@id\":\"https:\/\/sfcsstl.org\/es\/donar\/\",\"url\":\"https:\/\/sfcsstl.org\/es\/donar\/\",\"name\":\"Donar - St. Francis Community Services\",\"isPartOf\":{\"@id\":\"https:\/\/sfcsstl.org\/es\/#website\"},\"datePublished\":\"2015-08-21T15:11:11+00:00\",\"dateModified\":\"2025-11-27T16:47:55+00:00\",\"description\":\"\u00a1Dona hoy! Tu donativo ayudar\u00e1 a los m\u00e1s pobres. Completa el formulario online o env\u00eda un cheque.\",\"breadcrumb\":{\"@id\":\"https:\/\/sfcsstl.org\/es\/donar\/#breadcrumb\"},\"inLanguage\":\"es\",\"potentialAction\":[{\"@type\":\"ReadAction\",\"target\":[\"https:\/\/sfcsstl.org\/es\/donar\/\"]}]},{\"@type\":\"BreadcrumbList\",\"@id\":\"https:\/\/sfcsstl.org\/es\/donar\/#breadcrumb\",\"itemListElement\":[{\"@type\":\"ListItem\",\"position\":1,\"name\":\"Home\",\"item\":\"https:\/\/sfcsstl.org\/es\/\"},{\"@type\":\"ListItem\",\"position\":2,\"name\":\"Donar\"}]},{\"@type\":\"WebSite\",\"@id\":\"https:\/\/sfcsstl.org\/es\/#website\",\"url\":\"https:\/\/sfcsstl.org\/es\/\",\"name\":\"St. Francis Community Services\",\"description\":\"Achieving A Better Tomorrow\",\"potentialAction\":[{\"@type\":\"SearchAction\",\"target\":{\"@type\":\"EntryPoint\",\"urlTemplate\":\"https:\/\/sfcsstl.org\/es\/?s={search_term_string}\"},\"query-input\":{\"@type\":\"PropertyValueSpecification\",\"valueRequired\":true,\"valueName\":\"search_term_string\"}}],\"inLanguage\":\"es\"}]}<\/script>\n<!-- \/ Yoast SEO plugin. -->","yoast_head_json":{"title":"Donar - St. Francis Community Services","description":"\u00a1Dona hoy! Tu donativo ayudar\u00e1 a los m\u00e1s pobres. Completa el formulario online o env\u00eda un cheque.","robots":{"index":"index","follow":"follow","max-snippet":"max-snippet:-1","max-image-preview":"max-image-preview:large","max-video-preview":"max-video-preview:-1"},"canonical":"https:\/\/sfcsstl.org\/es\/donar\/","og_locale":"es_ES","og_type":"article","og_title":"Donar - St. Francis Community Services","og_description":"\u00a1Dona hoy! Tu donativo ayudar\u00e1 a los m\u00e1s pobres. Completa el formulario online o env\u00eda un cheque.","og_url":"https:\/\/sfcsstl.org\/es\/donar\/","og_site_name":"St. Francis Community Services","article_modified_time":"2025-11-27T16:47:55+00:00","twitter_card":"summary_large_image","twitter_misc":{"Est. reading time":"6 minutos"},"schema":{"@context":"https:\/\/schema.org","@graph":[{"@type":"WebPage","@id":"https:\/\/sfcsstl.org\/es\/donar\/","url":"https:\/\/sfcsstl.org\/es\/donar\/","name":"Donar - St. Francis Community Services","isPartOf":{"@id":"https:\/\/sfcsstl.org\/es\/#website"},"datePublished":"2015-08-21T15:11:11+00:00","dateModified":"2025-11-27T16:47:55+00:00","description":"\u00a1Dona hoy! Tu donativo ayudar\u00e1 a los m\u00e1s pobres. Completa el formulario online o env\u00eda un cheque.","breadcrumb":{"@id":"https:\/\/sfcsstl.org\/es\/donar\/#breadcrumb"},"inLanguage":"es","potentialAction":[{"@type":"ReadAction","target":["https:\/\/sfcsstl.org\/es\/donar\/"]}]},{"@type":"BreadcrumbList","@id":"https:\/\/sfcsstl.org\/es\/donar\/#breadcrumb","itemListElement":[{"@type":"ListItem","position":1,"name":"Home","item":"https:\/\/sfcsstl.org\/es\/"},{"@type":"ListItem","position":2,"name":"Donar"}]},{"@type":"WebSite","@id":"https:\/\/sfcsstl.org\/es\/#website","url":"https:\/\/sfcsstl.org\/es\/","name":"St. Francis Community Services","description":"Achieving A Better Tomorrow","potentialAction":[{"@type":"SearchAction","target":{"@type":"EntryPoint","urlTemplate":"https:\/\/sfcsstl.org\/es\/?s={search_term_string}"},"query-input":{"@type":"PropertyValueSpecification","valueRequired":true,"valueName":"search_term_string"}}],"inLanguage":"es"}]}},"_links":{"self":[{"href":"https:\/\/sfcsstl.org\/es\/wp-json\/wp\/v2\/pages\/268750","targetHints":{"allow":["GET"]}}],"collection":[{"href":"https:\/\/sfcsstl.org\/es\/wp-json\/wp\/v2\/pages"}],"about":[{"href":"https:\/\/sfcsstl.org\/es\/wp-json\/wp\/v2\/types\/page"}],"author":[{"embeddable":true,"href":"https:\/\/sfcsstl.org\/es\/wp-json\/wp\/v2\/users\/9"}],"replies":[{"embeddable":true,"href":"https:\/\/sfcsstl.org\/es\/wp-json\/wp\/v2\/comments?post=268750"}],"version-history":[{"count":0,"href":"https:\/\/sfcsstl.org\/es\/wp-json\/wp\/v2\/pages\/268750\/revisions"}],"wp:attachment":[{"href":"https:\/\/sfcsstl.org\/es\/wp-json\/wp\/v2\/media?parent=268750"}],"curies":[{"name":"wp","href":"https:\/\/api.w.org\/{rel}","templated":true}]}}