{"id":268748,"date":"2015-09-03T20:20:20","date_gmt":"2015-09-03T20:20:20","guid":{"rendered":"https:\/\/sfcsstl.org\/gracias-2\/"},"modified":"2015-09-03T20:20:20","modified_gmt":"2015-09-03T20:20:20","slug":"gracias-2","status":"publish","type":"page","link":"https:\/\/sfcsstl.org\/es\/gracias-2\/","title":{"rendered":"Gracias"},"content":{"rendered":"<p>&nbsp;<\/p>\n<h5 style=\"text-align: center; line-height: 1.5em;\">Gracias por ayudarnos a sembrar esperanza, en palabras del Papa Francisco. Su donaci\u00f3n se utilizar\u00e1 para ayudar a los m\u00e1s necesitados de nuestra comunidad. Si tiene alguna pregunta sobre su donaci\u00f3n, p\u00f3ngase en contacto con nosotros en <a href=\"mailto:sfcs@ccstl.org\">sfcs@ccstl.org<\/a>  <\/h5>\n<p>&nbsp;<\/p>\n","protected":false},"excerpt":{"rendered":"<p>&nbsp; Gracias por ayudarnos a sembrar esperanza, en palabras del Papa Francisco. Su donaci\u00f3n se utilizar\u00e1 para ayudar a los m\u00e1s necesitados de nuestra comunidad. Si tiene alguna pregunta sobre su donaci\u00f3n, p\u00f3ngase en contacto con nosotros en sfcs@ccstl.org &nbsp;<\/p>\n","protected":false},"author":9,"featured_media":0,"parent":0,"menu_order":0,"comment_status":"closed","ping_status":"closed","template":"","meta":{"_acf_changed":false,"inline_featured_image":false,"footnotes":""},"class_list":["post-268748","page","type-page","status-publish","hentry"],"acf":[],"aioseo_notices":[],"yoast_head":"<!-- This site is optimized with the Yoast SEO plugin v24.1 - https:\/\/yoast.com\/wordpress\/plugins\/seo\/ -->\n<title>Gracias - St. Francis Community Services<\/title>\n<meta name=\"robots\" content=\"index, follow, max-snippet:-1, max-image-preview:large, max-video-preview:-1\" \/>\n<link rel=\"canonical\" href=\"https:\/\/sfcsstl.org\/es\/gracias-2\/\" \/>\n<meta property=\"og:locale\" content=\"es_ES\" \/>\n<meta property=\"og:type\" content=\"article\" \/>\n<meta property=\"og:title\" content=\"Gracias - St. Francis Community Services\" \/>\n<meta property=\"og:description\" content=\"&nbsp; Gracias por ayudarnos a sembrar esperanza, en palabras del Papa Francisco. Su donaci\u00f3n se utilizar\u00e1 para ayudar a los m\u00e1s necesitados de nuestra comunidad. Si tiene alguna pregunta sobre su donaci\u00f3n, p\u00f3ngase en contacto con nosotros en sfcs@ccstl.org &nbsp;\" \/>\n<meta property=\"og:url\" content=\"https:\/\/sfcsstl.org\/es\/gracias-2\/\" \/>\n<meta property=\"og:site_name\" content=\"St. Francis Community Services\" \/>\n<meta name=\"twitter:card\" content=\"summary_large_image\" \/>\n<script type=\"application\/ld+json\" class=\"yoast-schema-graph\">{\"@context\":\"https:\/\/schema.org\",\"@graph\":[{\"@type\":\"WebPage\",\"@id\":\"https:\/\/sfcsstl.org\/es\/gracias-2\/\",\"url\":\"https:\/\/sfcsstl.org\/es\/gracias-2\/\",\"name\":\"Gracias - St. Francis Community Services\",\"isPartOf\":{\"@id\":\"https:\/\/sfcsstl.org\/es\/#website\"},\"datePublished\":\"2015-09-03T20:20:20+00:00\",\"dateModified\":\"2015-09-03T20:20:20+00:00\",\"breadcrumb\":{\"@id\":\"https:\/\/sfcsstl.org\/es\/gracias-2\/#breadcrumb\"},\"inLanguage\":\"es\",\"potentialAction\":[{\"@type\":\"ReadAction\",\"target\":[\"https:\/\/sfcsstl.org\/es\/gracias-2\/\"]}]},{\"@type\":\"BreadcrumbList\",\"@id\":\"https:\/\/sfcsstl.org\/es\/gracias-2\/#breadcrumb\",\"itemListElement\":[{\"@type\":\"ListItem\",\"position\":1,\"name\":\"Home\",\"item\":\"https:\/\/sfcsstl.org\/es\/\"},{\"@type\":\"ListItem\",\"position\":2,\"name\":\"Gracias\"}]},{\"@type\":\"WebSite\",\"@id\":\"https:\/\/sfcsstl.org\/es\/#website\",\"url\":\"https:\/\/sfcsstl.org\/es\/\",\"name\":\"St. Francis Community Services\",\"description\":\"Achieving A Better Tomorrow\",\"potentialAction\":[{\"@type\":\"SearchAction\",\"target\":{\"@type\":\"EntryPoint\",\"urlTemplate\":\"https:\/\/sfcsstl.org\/es\/?s={search_term_string}\"},\"query-input\":{\"@type\":\"PropertyValueSpecification\",\"valueRequired\":true,\"valueName\":\"search_term_string\"}}],\"inLanguage\":\"es\"}]}<\/script>\n<!-- \/ Yoast SEO plugin. -->","yoast_head_json":{"title":"Gracias - St. Francis Community Services","robots":{"index":"index","follow":"follow","max-snippet":"max-snippet:-1","max-image-preview":"max-image-preview:large","max-video-preview":"max-video-preview:-1"},"canonical":"https:\/\/sfcsstl.org\/es\/gracias-2\/","og_locale":"es_ES","og_type":"article","og_title":"Gracias - St. Francis Community Services","og_description":"&nbsp; Gracias por ayudarnos a sembrar esperanza, en palabras del Papa Francisco. Su donaci\u00f3n se utilizar\u00e1 para ayudar a los m\u00e1s necesitados de nuestra comunidad. Si tiene alguna pregunta sobre su donaci\u00f3n, p\u00f3ngase en contacto con nosotros en sfcs@ccstl.org &nbsp;","og_url":"https:\/\/sfcsstl.org\/es\/gracias-2\/","og_site_name":"St. Francis Community Services","twitter_card":"summary_large_image","schema":{"@context":"https:\/\/schema.org","@graph":[{"@type":"WebPage","@id":"https:\/\/sfcsstl.org\/es\/gracias-2\/","url":"https:\/\/sfcsstl.org\/es\/gracias-2\/","name":"Gracias - St. Francis Community Services","isPartOf":{"@id":"https:\/\/sfcsstl.org\/es\/#website"},"datePublished":"2015-09-03T20:20:20+00:00","dateModified":"2015-09-03T20:20:20+00:00","breadcrumb":{"@id":"https:\/\/sfcsstl.org\/es\/gracias-2\/#breadcrumb"},"inLanguage":"es","potentialAction":[{"@type":"ReadAction","target":["https:\/\/sfcsstl.org\/es\/gracias-2\/"]}]},{"@type":"BreadcrumbList","@id":"https:\/\/sfcsstl.org\/es\/gracias-2\/#breadcrumb","itemListElement":[{"@type":"ListItem","position":1,"name":"Home","item":"https:\/\/sfcsstl.org\/es\/"},{"@type":"ListItem","position":2,"name":"Gracias"}]},{"@type":"WebSite","@id":"https:\/\/sfcsstl.org\/es\/#website","url":"https:\/\/sfcsstl.org\/es\/","name":"St. Francis Community Services","description":"Achieving A Better Tomorrow","potentialAction":[{"@type":"SearchAction","target":{"@type":"EntryPoint","urlTemplate":"https:\/\/sfcsstl.org\/es\/?s={search_term_string}"},"query-input":{"@type":"PropertyValueSpecification","valueRequired":true,"valueName":"search_term_string"}}],"inLanguage":"es"}]}},"_links":{"self":[{"href":"https:\/\/sfcsstl.org\/es\/wp-json\/wp\/v2\/pages\/268748","targetHints":{"allow":["GET"]}}],"collection":[{"href":"https:\/\/sfcsstl.org\/es\/wp-json\/wp\/v2\/pages"}],"about":[{"href":"https:\/\/sfcsstl.org\/es\/wp-json\/wp\/v2\/types\/page"}],"author":[{"embeddable":true,"href":"https:\/\/sfcsstl.org\/es\/wp-json\/wp\/v2\/users\/9"}],"replies":[{"embeddable":true,"href":"https:\/\/sfcsstl.org\/es\/wp-json\/wp\/v2\/comments?post=268748"}],"version-history":[{"count":0,"href":"https:\/\/sfcsstl.org\/es\/wp-json\/wp\/v2\/pages\/268748\/revisions"}],"wp:attachment":[{"href":"https:\/\/sfcsstl.org\/es\/wp-json\/wp\/v2\/media?parent=268748"}],"curies":[{"name":"wp","href":"https:\/\/api.w.org\/{rel}","templated":true}]}}