{"id":268745,"date":"2015-08-21T15:16:13","date_gmt":"2015-08-21T15:16:13","guid":{"rendered":"https:\/\/sfcsstl.org\/acerca-de-catholic-charities\/"},"modified":"2025-09-25T20:59:06","modified_gmt":"2025-09-25T20:59:06","slug":"acerca-de-catholic-charities","status":"publish","type":"page","link":"https:\/\/sfcsstl.org\/es\/acerca-de\/acerca-de-catholic-charities\/","title":{"rendered":"Acerca de Caridades Cat\u00f3licas"},"content":{"rendered":"\r\n<h3>Acerca de Caridades Cat\u00f3licas<\/h3>\r\n<p>En respuesta a las ense\u00f1anzas de Jesucristo, Caridades Cat\u00f3licas de St. Louis sirve a las personas necesitadas, especialmente a quienes son pobres y vulnerables; trabaja para mejorar las condiciones sociales de todas las personas de la comunidad; y llama a los miembros de la Iglesia y la comunidad a hacer lo mismo.<\/p>\r\n<h3>Ayudando a personas en necesidad desde 1912<\/h3>\r\n<p>Caridades Cat\u00f3licas ha estado ayudando a personas en necesidad desde 1912. Organizadas como una federaci\u00f3n de ocho agencias y sirviendo a 11 condados de la regi\u00f3n de St. Louis, Caridades Cat\u00f3licas impact\u00f3 la vida de m\u00e1s de 103.500 personas solo el a\u00f1o pasado. <br>La oficina central de Caridades Cat\u00f3licas brinda apoyo en defensa de los derechos, administraci\u00f3n, acreditaci\u00f3n, recursos humanos, comunicaciones, aseguramiento de la calidad y desarrollo de fondos a las ocho organizaciones que conforman la Federaci\u00f3n de Caridades Cat\u00f3licas. <\/p>\r\n<h3>Sirviendo a una amplia variedad de personas<\/h3>\r\n<p>Caridades Cat\u00f3licas de St. Louis atiende a una amplia variedad de personas: ni\u00f1os dependientes, abusados o descuidados; adultos sin hogar o en riesgo de quedarse sin hogar; mujeres que sufren abuso; familias e individuos que buscan consejer\u00eda; personas que enfrentan dificultades debido a trastornos por uso de sustancias; adultos mayores con necesidades especiales; y muchos m\u00e1s. Nuestro objetivo es claro: buscamos romper el ciclo de pobreza, el abuso y la negligencia, empoderar a las personas para que realicen cambios permanentes en sus vidas y apoyar a cada persona para que lleve una vida autosuficiente y digna.  <\/p>\r\n<h3>M\u00e1s informaci\u00f3n sobre Caridades Cat\u00f3licas<\/h3>\r\n<p>Para obtener m\u00e1s informaci\u00f3n sobre la federaci\u00f3n Caridades Cat\u00f3licas de St. Louis, visite <a href=\"https:\/\/www.ccstl.org\">https:\/\/www.ccstl.org<\/a>, o siga sus cuentas de redes sociales en Facebook <a href=\"https:\/\/www.facebook.com\/sfcsstl\">@ccstl.org<\/a>, Twitter <a href=\"https:\/\/x.com\/sfcsstl\">@cc_stl<\/a> e Instagram <a href=\"https:\/\/www.instagram.com\/sfcsstl\/\">@ccstl<\/a><\/p>\r\n<p><strong>Una mirada a Caridades Cat\u00f3licas de St. Louis y sus ocho organizaciones federadas:<\/strong><\/p>\r\n<p><iframe loading=\"lazy\" title=\"Caridades Cat\u00f3licas de St. Louis - video de la federaci\u00f3n 2017\" src=\"https:\/\/www.youtube.com\/embed\/UeT9ZsNa5S4?feature=oembed\" width=\"500\" height=\"281\" frameborder=\"0\" allowfullscreen=\"allowfullscreen\"><\/iframe><\/p>\r\n","protected":false},"excerpt":{"rendered":"<p>Acerca de Caridades Cat\u00f3licas En respuesta a las ense\u00f1anzas de Jesucristo, Caridades Cat\u00f3licas de St. Louis sirve a las personas necesitadas, especialmente a quienes son pobres y vulnerables; trabaja para mejorar las condiciones sociales de todas las personas de la comunidad; y llama a los miembros de la Iglesia y la comunidad a hacer lo&hellip;<\/p>\n","protected":false},"author":9,"featured_media":0,"parent":268755,"menu_order":20,"comment_status":"open","ping_status":"closed","template":"","meta":{"_acf_changed":false,"inline_featured_image":false,"footnotes":""},"class_list":["post-268745","page","type-page","status-publish","hentry"],"acf":[],"aioseo_notices":[],"yoast_head":"<!-- This site is optimized with the Yoast SEO plugin v24.1 - https:\/\/yoast.com\/wordpress\/plugins\/seo\/ -->\n<title>Acerca de Caridades Cat\u00f3licas - St. Francis Community Services<\/title>\n<meta name=\"robots\" content=\"index, follow, max-snippet:-1, max-image-preview:large, max-video-preview:-1\" \/>\n<link rel=\"canonical\" href=\"https:\/\/sfcsstl.org\/es\/acerca-de\/acerca-de-catholic-charities\/\" \/>\n<meta property=\"og:locale\" content=\"es_ES\" \/>\n<meta property=\"og:type\" content=\"article\" \/>\n<meta property=\"og:title\" content=\"Acerca de Caridades Cat\u00f3licas - St. Francis Community Services\" \/>\n<meta property=\"og:description\" content=\"Acerca de Caridades Cat\u00f3licas En respuesta a las ense\u00f1anzas de Jesucristo, Caridades Cat\u00f3licas de St. Louis sirve a las personas necesitadas, especialmente a quienes son pobres y vulnerables; trabaja para mejorar las condiciones sociales de todas las personas de la comunidad; y llama a los miembros de la Iglesia y la comunidad a hacer lo&hellip;\" \/>\n<meta property=\"og:url\" content=\"https:\/\/sfcsstl.org\/es\/acerca-de\/acerca-de-catholic-charities\/\" \/>\n<meta property=\"og:site_name\" content=\"St. Francis Community Services\" \/>\n<meta property=\"article:modified_time\" content=\"2025-09-25T20:59:06+00:00\" \/>\n<meta name=\"twitter:card\" content=\"summary_large_image\" \/>\n<meta name=\"twitter:label1\" content=\"Est. reading time\" \/>\n\t<meta name=\"twitter:data1\" content=\"2 minutos\" \/>\n<script type=\"application\/ld+json\" class=\"yoast-schema-graph\">{\"@context\":\"https:\/\/schema.org\",\"@graph\":[{\"@type\":\"WebPage\",\"@id\":\"https:\/\/sfcsstl.org\/es\/acerca-de\/acerca-de-catholic-charities\/\",\"url\":\"https:\/\/sfcsstl.org\/es\/acerca-de\/acerca-de-catholic-charities\/\",\"name\":\"Acerca de Caridades Cat\u00f3licas - St. Francis Community Services\",\"isPartOf\":{\"@id\":\"https:\/\/sfcsstl.org\/es\/#website\"},\"datePublished\":\"2015-08-21T15:16:13+00:00\",\"dateModified\":\"2025-09-25T20:59:06+00:00\",\"breadcrumb\":{\"@id\":\"https:\/\/sfcsstl.org\/es\/acerca-de\/acerca-de-catholic-charities\/#breadcrumb\"},\"inLanguage\":\"es\",\"potentialAction\":[{\"@type\":\"ReadAction\",\"target\":[\"https:\/\/sfcsstl.org\/es\/acerca-de\/acerca-de-catholic-charities\/\"]}]},{\"@type\":\"BreadcrumbList\",\"@id\":\"https:\/\/sfcsstl.org\/es\/acerca-de\/acerca-de-catholic-charities\/#breadcrumb\",\"itemListElement\":[{\"@type\":\"ListItem\",\"position\":1,\"name\":\"Home\",\"item\":\"https:\/\/sfcsstl.org\/es\/\"},{\"@type\":\"ListItem\",\"position\":2,\"name\":\"Acerca de\",\"item\":\"https:\/\/sfcsstl.org\/es\/acerca-de\/\"},{\"@type\":\"ListItem\",\"position\":3,\"name\":\"Acerca de Caridades Cat\u00f3licas\"}]},{\"@type\":\"WebSite\",\"@id\":\"https:\/\/sfcsstl.org\/es\/#website\",\"url\":\"https:\/\/sfcsstl.org\/es\/\",\"name\":\"St. Francis Community Services\",\"description\":\"Achieving A Better Tomorrow\",\"potentialAction\":[{\"@type\":\"SearchAction\",\"target\":{\"@type\":\"EntryPoint\",\"urlTemplate\":\"https:\/\/sfcsstl.org\/es\/?s={search_term_string}\"},\"query-input\":{\"@type\":\"PropertyValueSpecification\",\"valueRequired\":true,\"valueName\":\"search_term_string\"}}],\"inLanguage\":\"es\"}]}<\/script>\n<!-- \/ Yoast SEO plugin. -->","yoast_head_json":{"title":"Acerca de Caridades Cat\u00f3licas - St. Francis Community Services","robots":{"index":"index","follow":"follow","max-snippet":"max-snippet:-1","max-image-preview":"max-image-preview:large","max-video-preview":"max-video-preview:-1"},"canonical":"https:\/\/sfcsstl.org\/es\/acerca-de\/acerca-de-catholic-charities\/","og_locale":"es_ES","og_type":"article","og_title":"Acerca de Caridades Cat\u00f3licas - St. Francis Community Services","og_description":"Acerca de Caridades Cat\u00f3licas En respuesta a las ense\u00f1anzas de Jesucristo, Caridades Cat\u00f3licas de St. Louis sirve a las personas necesitadas, especialmente a quienes son pobres y vulnerables; trabaja para mejorar las condiciones sociales de todas las personas de la comunidad; y llama a los miembros de la Iglesia y la comunidad a hacer lo&hellip;","og_url":"https:\/\/sfcsstl.org\/es\/acerca-de\/acerca-de-catholic-charities\/","og_site_name":"St. Francis Community Services","article_modified_time":"2025-09-25T20:59:06+00:00","twitter_card":"summary_large_image","twitter_misc":{"Est. reading time":"2 minutos"},"schema":{"@context":"https:\/\/schema.org","@graph":[{"@type":"WebPage","@id":"https:\/\/sfcsstl.org\/es\/acerca-de\/acerca-de-catholic-charities\/","url":"https:\/\/sfcsstl.org\/es\/acerca-de\/acerca-de-catholic-charities\/","name":"Acerca de Caridades Cat\u00f3licas - St. Francis Community Services","isPartOf":{"@id":"https:\/\/sfcsstl.org\/es\/#website"},"datePublished":"2015-08-21T15:16:13+00:00","dateModified":"2025-09-25T20:59:06+00:00","breadcrumb":{"@id":"https:\/\/sfcsstl.org\/es\/acerca-de\/acerca-de-catholic-charities\/#breadcrumb"},"inLanguage":"es","potentialAction":[{"@type":"ReadAction","target":["https:\/\/sfcsstl.org\/es\/acerca-de\/acerca-de-catholic-charities\/"]}]},{"@type":"BreadcrumbList","@id":"https:\/\/sfcsstl.org\/es\/acerca-de\/acerca-de-catholic-charities\/#breadcrumb","itemListElement":[{"@type":"ListItem","position":1,"name":"Home","item":"https:\/\/sfcsstl.org\/es\/"},{"@type":"ListItem","position":2,"name":"Acerca de","item":"https:\/\/sfcsstl.org\/es\/acerca-de\/"},{"@type":"ListItem","position":3,"name":"Acerca de Caridades Cat\u00f3licas"}]},{"@type":"WebSite","@id":"https:\/\/sfcsstl.org\/es\/#website","url":"https:\/\/sfcsstl.org\/es\/","name":"St. Francis Community Services","description":"Achieving A Better Tomorrow","potentialAction":[{"@type":"SearchAction","target":{"@type":"EntryPoint","urlTemplate":"https:\/\/sfcsstl.org\/es\/?s={search_term_string}"},"query-input":{"@type":"PropertyValueSpecification","valueRequired":true,"valueName":"search_term_string"}}],"inLanguage":"es"}]}},"_links":{"self":[{"href":"https:\/\/sfcsstl.org\/es\/wp-json\/wp\/v2\/pages\/268745","targetHints":{"allow":["GET"]}}],"collection":[{"href":"https:\/\/sfcsstl.org\/es\/wp-json\/wp\/v2\/pages"}],"about":[{"href":"https:\/\/sfcsstl.org\/es\/wp-json\/wp\/v2\/types\/page"}],"author":[{"embeddable":true,"href":"https:\/\/sfcsstl.org\/es\/wp-json\/wp\/v2\/users\/9"}],"replies":[{"embeddable":true,"href":"https:\/\/sfcsstl.org\/es\/wp-json\/wp\/v2\/comments?post=268745"}],"version-history":[{"count":0,"href":"https:\/\/sfcsstl.org\/es\/wp-json\/wp\/v2\/pages\/268745\/revisions"}],"up":[{"embeddable":true,"href":"https:\/\/sfcsstl.org\/es\/wp-json\/wp\/v2\/pages\/268755"}],"wp:attachment":[{"href":"https:\/\/sfcsstl.org\/es\/wp-json\/wp\/v2\/media?parent=268745"}],"curies":[{"name":"wp","href":"https:\/\/api.w.org\/{rel}","templated":true}]}}