{"id":268744,"date":"2015-08-21T15:09:09","date_gmt":"2015-08-21T15:09:09","guid":{"rendered":"https:\/\/sfcsstl.org\/contacto\/"},"modified":"2025-10-02T21:31:15","modified_gmt":"2025-10-02T21:31:15","slug":"contacto","status":"publish","type":"page","link":"https:\/\/sfcsstl.org\/es\/contacto\/","title":{"rendered":"Contacto"},"content":{"rendered":"","protected":false},"excerpt":{"rendered":"","protected":false},"author":9,"featured_media":268924,"parent":0,"menu_order":50,"comment_status":"closed","ping_status":"closed","template":"","meta":{"_acf_changed":false,"inline_featured_image":false,"footnotes":""},"class_list":["post-268744","page","type-page","status-publish","has-post-thumbnail","hentry"],"acf":[],"aioseo_notices":[],"yoast_head":"<!-- This site is optimized with the Yoast SEO plugin v24.1 - https:\/\/yoast.com\/wordpress\/plugins\/seo\/ -->\n<title>Contacto - St. Francis community services - St. Louis, MO<\/title>\n<meta name=\"description\" content=\"\u00a1P\u00f3ngase en contacto con nosotros hoy mismo para hacer una donaci\u00f3n, ser voluntario o solicitar informaci\u00f3n sobre nuestros servicios!\" \/>\n<meta name=\"robots\" content=\"index, follow, max-snippet:-1, max-image-preview:large, max-video-preview:-1\" \/>\n<link rel=\"canonical\" href=\"https:\/\/sfcsstl.org\/es\/contacto\/\" \/>\n<meta property=\"og:locale\" content=\"es_ES\" \/>\n<meta property=\"og:type\" content=\"article\" \/>\n<meta property=\"og:title\" content=\"Contacto - St. Francis community services - St. Louis, MO\" \/>\n<meta property=\"og:description\" content=\"\u00a1P\u00f3ngase en contacto con nosotros hoy mismo para hacer una donaci\u00f3n, ser voluntario o solicitar informaci\u00f3n sobre nuestros servicios!\" \/>\n<meta property=\"og:url\" content=\"https:\/\/sfcsstl.org\/es\/contacto\/\" \/>\n<meta property=\"og:site_name\" content=\"St. Francis Community Services\" \/>\n<meta property=\"article:modified_time\" content=\"2025-10-02T21:31:15+00:00\" \/>\n<meta property=\"og:image\" content=\"https:\/\/sfcsstl.org\/wp-content\/uploads\/2019\/02\/DSC00051-2-resize.jpg\" \/>\n\t<meta property=\"og:image:width\" content=\"2023\" \/>\n\t<meta property=\"og:image:height\" content=\"1977\" \/>\n\t<meta property=\"og:image:type\" content=\"image\/jpeg\" \/>\n<meta name=\"twitter:card\" content=\"summary_large_image\" \/>\n<meta name=\"twitter:label1\" content=\"Est. reading time\" \/>\n\t<meta name=\"twitter:data1\" content=\"1 minuto\" \/>\n<script type=\"application\/ld+json\" class=\"yoast-schema-graph\">{\"@context\":\"https:\/\/schema.org\",\"@graph\":[{\"@type\":\"WebPage\",\"@id\":\"https:\/\/sfcsstl.org\/es\/contacto\/\",\"url\":\"https:\/\/sfcsstl.org\/es\/contacto\/\",\"name\":\"Contacto - St. Francis community services - St. Louis, MO\",\"isPartOf\":{\"@id\":\"https:\/\/sfcsstl.org\/es\/#website\"},\"primaryImageOfPage\":{\"@id\":\"https:\/\/sfcsstl.org\/es\/contacto\/#primaryimage\"},\"image\":{\"@id\":\"https:\/\/sfcsstl.org\/es\/contacto\/#primaryimage\"},\"thumbnailUrl\":\"https:\/\/sfcsstl.org\/wp-content\/uploads\/2025\/11\/Contact_Volunteer-Youth-Tutor-scaled.jpg\",\"datePublished\":\"2015-08-21T15:09:09+00:00\",\"dateModified\":\"2025-10-02T21:31:15+00:00\",\"description\":\"\u00a1P\u00f3ngase en contacto con nosotros hoy mismo para hacer una donaci\u00f3n, ser voluntario o solicitar informaci\u00f3n sobre nuestros servicios!\",\"breadcrumb\":{\"@id\":\"https:\/\/sfcsstl.org\/es\/contacto\/#breadcrumb\"},\"inLanguage\":\"es\",\"potentialAction\":[{\"@type\":\"ReadAction\",\"target\":[\"https:\/\/sfcsstl.org\/es\/contacto\/\"]}]},{\"@type\":\"ImageObject\",\"inLanguage\":\"es\",\"@id\":\"https:\/\/sfcsstl.org\/es\/contacto\/#primaryimage\",\"url\":\"https:\/\/sfcsstl.org\/wp-content\/uploads\/2025\/11\/Contact_Volunteer-Youth-Tutor-scaled.jpg\",\"contentUrl\":\"https:\/\/sfcsstl.org\/wp-content\/uploads\/2025\/11\/Contact_Volunteer-Youth-Tutor-scaled.jpg\",\"width\":1707,\"height\":2560},{\"@type\":\"BreadcrumbList\",\"@id\":\"https:\/\/sfcsstl.org\/es\/contacto\/#breadcrumb\",\"itemListElement\":[{\"@type\":\"ListItem\",\"position\":1,\"name\":\"Home\",\"item\":\"https:\/\/sfcsstl.org\/es\/\"},{\"@type\":\"ListItem\",\"position\":2,\"name\":\"Contacto\"}]},{\"@type\":\"WebSite\",\"@id\":\"https:\/\/sfcsstl.org\/es\/#website\",\"url\":\"https:\/\/sfcsstl.org\/es\/\",\"name\":\"St. Francis Community Services\",\"description\":\"Achieving A Better Tomorrow\",\"potentialAction\":[{\"@type\":\"SearchAction\",\"target\":{\"@type\":\"EntryPoint\",\"urlTemplate\":\"https:\/\/sfcsstl.org\/es\/?s={search_term_string}\"},\"query-input\":{\"@type\":\"PropertyValueSpecification\",\"valueRequired\":true,\"valueName\":\"search_term_string\"}}],\"inLanguage\":\"es\"}]}<\/script>\n<!-- \/ Yoast SEO plugin. -->","yoast_head_json":{"title":"Contacto - St. Francis community services - St. Louis, MO","description":"\u00a1P\u00f3ngase en contacto con nosotros hoy mismo para hacer una donaci\u00f3n, ser voluntario o solicitar informaci\u00f3n sobre nuestros servicios!","robots":{"index":"index","follow":"follow","max-snippet":"max-snippet:-1","max-image-preview":"max-image-preview:large","max-video-preview":"max-video-preview:-1"},"canonical":"https:\/\/sfcsstl.org\/es\/contacto\/","og_locale":"es_ES","og_type":"article","og_title":"Contacto - St. Francis community services - St. Louis, MO","og_description":"\u00a1P\u00f3ngase en contacto con nosotros hoy mismo para hacer una donaci\u00f3n, ser voluntario o solicitar informaci\u00f3n sobre nuestros servicios!","og_url":"https:\/\/sfcsstl.org\/es\/contacto\/","og_site_name":"St. Francis Community Services","article_modified_time":"2025-10-02T21:31:15+00:00","og_image":[{"width":2023,"height":1977,"url":"https:\/\/sfcsstl.org\/wp-content\/uploads\/2019\/02\/DSC00051-2-resize.jpg","type":"image\/jpeg"}],"twitter_card":"summary_large_image","twitter_misc":{"Est. reading time":"1 minuto"},"schema":{"@context":"https:\/\/schema.org","@graph":[{"@type":"WebPage","@id":"https:\/\/sfcsstl.org\/es\/contacto\/","url":"https:\/\/sfcsstl.org\/es\/contacto\/","name":"Contacto - St. Francis community services - St. Louis, MO","isPartOf":{"@id":"https:\/\/sfcsstl.org\/es\/#website"},"primaryImageOfPage":{"@id":"https:\/\/sfcsstl.org\/es\/contacto\/#primaryimage"},"image":{"@id":"https:\/\/sfcsstl.org\/es\/contacto\/#primaryimage"},"thumbnailUrl":"https:\/\/sfcsstl.org\/wp-content\/uploads\/2025\/11\/Contact_Volunteer-Youth-Tutor-scaled.jpg","datePublished":"2015-08-21T15:09:09+00:00","dateModified":"2025-10-02T21:31:15+00:00","description":"\u00a1P\u00f3ngase en contacto con nosotros hoy mismo para hacer una donaci\u00f3n, ser voluntario o solicitar informaci\u00f3n sobre nuestros servicios!","breadcrumb":{"@id":"https:\/\/sfcsstl.org\/es\/contacto\/#breadcrumb"},"inLanguage":"es","potentialAction":[{"@type":"ReadAction","target":["https:\/\/sfcsstl.org\/es\/contacto\/"]}]},{"@type":"ImageObject","inLanguage":"es","@id":"https:\/\/sfcsstl.org\/es\/contacto\/#primaryimage","url":"https:\/\/sfcsstl.org\/wp-content\/uploads\/2025\/11\/Contact_Volunteer-Youth-Tutor-scaled.jpg","contentUrl":"https:\/\/sfcsstl.org\/wp-content\/uploads\/2025\/11\/Contact_Volunteer-Youth-Tutor-scaled.jpg","width":1707,"height":2560},{"@type":"BreadcrumbList","@id":"https:\/\/sfcsstl.org\/es\/contacto\/#breadcrumb","itemListElement":[{"@type":"ListItem","position":1,"name":"Home","item":"https:\/\/sfcsstl.org\/es\/"},{"@type":"ListItem","position":2,"name":"Contacto"}]},{"@type":"WebSite","@id":"https:\/\/sfcsstl.org\/es\/#website","url":"https:\/\/sfcsstl.org\/es\/","name":"St. Francis Community Services","description":"Achieving A Better Tomorrow","potentialAction":[{"@type":"SearchAction","target":{"@type":"EntryPoint","urlTemplate":"https:\/\/sfcsstl.org\/es\/?s={search_term_string}"},"query-input":{"@type":"PropertyValueSpecification","valueRequired":true,"valueName":"search_term_string"}}],"inLanguage":"es"}]}},"_links":{"self":[{"href":"https:\/\/sfcsstl.org\/es\/wp-json\/wp\/v2\/pages\/268744","targetHints":{"allow":["GET"]}}],"collection":[{"href":"https:\/\/sfcsstl.org\/es\/wp-json\/wp\/v2\/pages"}],"about":[{"href":"https:\/\/sfcsstl.org\/es\/wp-json\/wp\/v2\/types\/page"}],"author":[{"embeddable":true,"href":"https:\/\/sfcsstl.org\/es\/wp-json\/wp\/v2\/users\/9"}],"replies":[{"embeddable":true,"href":"https:\/\/sfcsstl.org\/es\/wp-json\/wp\/v2\/comments?post=268744"}],"version-history":[{"count":0,"href":"https:\/\/sfcsstl.org\/es\/wp-json\/wp\/v2\/pages\/268744\/revisions"}],"wp:featuredmedia":[{"embeddable":true,"href":"https:\/\/sfcsstl.org\/es\/wp-json\/wp\/v2\/media\/268924"}],"wp:attachment":[{"href":"https:\/\/sfcsstl.org\/es\/wp-json\/wp\/v2\/media?parent=268744"}],"curies":[{"name":"wp","href":"https:\/\/api.w.org\/{rel}","templated":true}]}}