{"id":268721,"date":"2022-11-08T21:27:08","date_gmt":"2022-11-08T21:27:08","guid":{"rendered":"https:\/\/sfcsstl.org\/genpeace-grupo-de-jovenes-profesionales\/"},"modified":"2022-11-08T21:27:08","modified_gmt":"2022-11-08T21:27:08","slug":"genpeace-grupo-de-jovenes-profesionales","status":"publish","type":"page","link":"https:\/\/sfcsstl.org\/es\/genpeace-grupo-de-jovenes-profesionales\/","title":{"rendered":"GenPeace: Grupo de j\u00f3venes profesionales"},"content":{"rendered":"<h4><strong><img loading=\"lazy\" decoding=\"async\" class=\"aligncenter wp-image-266841 size-medium\" src=\"https:\/\/sfcsstl.org\/wp-content\/uploads\/2022\/11\/GenPeaceLogoYP_Color-e1668020638659-277x300.png\" alt=\"\" width=\"277\" height=\"300\" srcset=\"https:\/\/sfcsstl.org\/wp-content\/uploads\/2022\/11\/GenPeaceLogoYP_Color-e1668020638659-277x300.png 277w, https:\/\/sfcsstl.org\/wp-content\/uploads\/2022\/11\/GenPeaceLogoYP_Color-e1668020638659-768x830.png 768w, https:\/\/sfcsstl.org\/wp-content\/uploads\/2022\/11\/GenPeaceLogoYP_Color-e1668020638659-500x541.png 500w, https:\/\/sfcsstl.org\/wp-content\/uploads\/2022\/11\/GenPeaceLogoYP_Color-e1668020638659-800x865.png 800w, https:\/\/sfcsstl.org\/wp-content\/uploads\/2022\/11\/GenPeaceLogoYP_Color-e1668020638659.png 825w\" sizes=\"auto, (max-width: 277px) 100vw, 277px\" \/><\/strong><\/h4>\n<h4><strong>\u00a1Una generaci\u00f3n trabajando por la paz!<\/strong><\/h4>\n<p>GenPeace, formado en 2023, es un grupo de l\u00edderes emergentes, de entre 21 y 39 a\u00f1os, con ideas frescas y un c\u00edrculo social en constante expansi\u00f3n. Nuestros miembros tienen la misi\u00f3n de aumentar la concienciaci\u00f3n sobre St. Francis Community Services (SFCS) y les apasiona crear una paz sostenible en las vidas de nuestros vecinos necesitados. <\/p>\n<h3><strong>\u00bfPor qu\u00e9 unirse a GenPeace?<\/strong><\/h3>\n<p>GenPeace es una excelente manera para que los j\u00f3venes profesionales trabajen para aumentar la visibilidad y las oportunidades de divulgaci\u00f3n, la recaudaci\u00f3n de fondos y la gesti\u00f3n de eventos que ayudar\u00e1n a combatir la pobreza en el \u00e1rea metropolitana de St. Louis.<\/p>\n<h3><strong>Ventajas<\/strong><\/h3>\n<ul>\n<li>P\u00f3ngase en contacto con otros j\u00f3venes que comparten la pasi\u00f3n por la divulgaci\u00f3n<\/li>\n<li>Colabore con la Junta Directiva para apoyar la misi\u00f3n de St. Francis Community Services en el \u00e1rea metropolitana de St. Louis<\/li>\n<li>Inf\u00f3rmese sobre qu\u00e9 servicios est\u00e1n disponibles para su comunidad<\/li>\n<li>Planifique y asista a eventos sociales y educativos divertidos<\/li>\n<li>Proporcione liderazgo sirviendo en el Equipo Ejecutivo<\/li>\n<li>Construya conexiones comunitarias<\/li>\n<\/ul>\n<h3><strong>Expectativas<\/strong><\/h3>\n<p>GenPeace est\u00e1 formado por miembros con una variedad de antecedentes profesionales y habilidades de creaci\u00f3n de redes que se utilizan para promover la causa de St. Francis durante <strong>su mandato de dos a\u00f1os.<\/strong> Nuestro grupo de j\u00f3venes profesionales recauda colectivamente 25.000 d\u00f3lares anuales, al tiempo que aumenta la concienciaci\u00f3n sobre la misi\u00f3n de la agencia y act\u00faa como embajador en el \u00e1rea metropolitana de St. Louis. Adem\u00e1s, los miembros de GenPeace tienen la oportunidad de asistir o ser voluntarios en la gala anual Seeds of Hope en octubre, y en otras actividades de recaudaci\u00f3n de fondos. <\/p>\n<ul>\n<li>Asistir a las reuniones mensuales (debe asistir al 50% de las reuniones)<\/li>\n<li>Ayudar en la planificaci\u00f3n y ejecuci\u00f3n de dos eventos de GenPeace al a\u00f1o (recaudaci\u00f3n de fondos o captaci\u00f3n de amigos)<\/li>\n<li>Participar vendiendo entradas para eventos, consiguiendo patrocinios para eventos, contribuciones en especie y art\u00edculos para rifas\/subastas silenciosas; proporcionando servicios profesionales pro bono, etc.<\/li>\n<li>Ser voluntario en al menos un evento al a\u00f1o (organizado por SFCS o un tercero)<\/li>\n<li>Reclutar nuevos miembros (seg\u00fan sea necesario)<\/li>\n<\/ul>\n<h3><strong>Pr\u00f3ximos pasos<\/strong><\/h3>\n<p>\u00bfAlguna pregunta? \u00bfListo para unirse? Rellene el siguiente formulario.  <\/p>\n<script>\nvar gform;gform||(document.addEventListener(\"gform_main_scripts_loaded\",function(){gform.scriptsLoaded=!0}),document.addEventListener(\"gform\/theme\/scripts_loaded\",function(){gform.themeScriptsLoaded=!0}),window.addEventListener(\"DOMContentLoaded\",function(){gform.domLoaded=!0}),gform={domLoaded:!1,scriptsLoaded:!1,themeScriptsLoaded:!1,isFormEditor:()=>\"function\"==typeof InitializeEditor,callIfLoaded:function(o){return!(!gform.domLoaded||!gform.scriptsLoaded||!gform.themeScriptsLoaded&&!gform.isFormEditor()||(gform.isFormEditor()&&console.warn(\"The use of gform.initializeOnLoaded() is deprecated in the form editor context and will be removed in Gravity Forms 3.1.\"),o(),0))},initializeOnLoaded:function(o){gform.callIfLoaded(o)||(document.addEventListener(\"gform_main_scripts_loaded\",()=>{gform.scriptsLoaded=!0,gform.callIfLoaded(o)}),document.addEventListener(\"gform\/theme\/scripts_loaded\",()=>{gform.themeScriptsLoaded=!0,gform.callIfLoaded(o)}),window.addEventListener(\"DOMContentLoaded\",()=>{gform.domLoaded=!0,gform.callIfLoaded(o)}))},hooks:{action:{},filter:{}},addAction:function(o,r,e,t){gform.addHook(\"action\",o,r,e,t)},addFilter:function(o,r,e,t){gform.addHook(\"filter\",o,r,e,t)},doAction:function(o){gform.doHook(\"action\",o,arguments)},applyFilters:function(o){return gform.doHook(\"filter\",o,arguments)},removeAction:function(o,r){gform.removeHook(\"action\",o,r)},removeFilter:function(o,r,e){gform.removeHook(\"filter\",o,r,e)},addHook:function(o,r,e,t,n){null==gform.hooks[o][r]&&(gform.hooks[o][r]=[]);var d=gform.hooks[o][r];null==n&&(n=r+\"_\"+d.length),gform.hooks[o][r].push({tag:n,callable:e,priority:t=null==t?10:t})},doHook:function(r,o,e){var t;if(e=Array.prototype.slice.call(e,1),null!=gform.hooks[r][o]&&((o=gform.hooks[r][o]).sort(function(o,r){return o.priority-r.priority}),o.forEach(function(o){\"function\"!=typeof(t=o.callable)&&(t=window[t]),\"action\"==r?t.apply(null,e):e[0]=t.apply(null,e)})),\"filter\"==r)return e[0]},removeHook:function(o,r,t,n){var e;null!=gform.hooks[o][r]&&(e=(e=gform.hooks[o][r]).filter(function(o,r,e){return!!(null!=n&&n!=o.tag||null!=t&&t!=o.priority)}),gform.hooks[o][r]=e)}});\n<\/script>\n\n                <div class='gf_browser_gecko gform_wrapper gform_legacy_markup_wrapper gform-theme--no-framework' data-form-theme='legacy' data-form-index='0' id='gform_wrapper_1' >\n                        <div class='gform_heading'>\n                            <h3 class=\"gform_title\">Contacto de GenPeace<\/h3>\n                            <p class='gform_description'><\/p>\n                        <\/div><form method='post' enctype='multipart\/form-data'  id='gform_1'  action='\/es\/wp-json\/wp\/v2\/pages\/268721' data-formid='1' novalidate>\n                        <div class='gform-body gform_body'><ul id='gform_fields_1' class='gform_fields top_label form_sublabel_below description_below validation_below'><li id=\"field_1_1\" class=\"gfield gfield--type-text half left gfield_contains_required field_sublabel_below gfield--no-description field_description_below field_validation_below gfield_visibility_visible\"  ><label class='gfield_label gform-field-label' for='input_1_1'>Nombre<span class=\"gfield_required\"><span class=\"gfield_required gfield_required_asterisk\">*<\/span><\/span><\/label><div class='ginput_container ginput_container_text'><input name='input_1' id='input_1_1' type='text' value='' class='large'    placeholder='Nombre*' aria-required=\"true\" aria-invalid=\"false\"   \/><\/div><\/li><li id=\"field_1_3\" class=\"gfield gfield--type-email gfield--width-full gfield_contains_required field_sublabel_below gfield--no-description field_description_below field_validation_below gfield_visibility_visible\"  ><label class='gfield_label gform-field-label' for='input_1_3'>Correo electr\u00f3nico<span class=\"gfield_required\"><span class=\"gfield_required gfield_required_asterisk\">*<\/span><\/span><\/label><div class='ginput_container ginput_container_email'>\n                            <input name='input_3' id='input_1_3' type='email' value='' class='large'   placeholder='Correo electr\u00f3nico*' aria-required=\"true\" aria-invalid=\"false\"  \/>\n                        <\/div><\/li><li id=\"field_1_2\" class=\"gfield gfield--type-text half right field_sublabel_below gfield--no-description field_description_below field_validation_below gfield_visibility_visible\"  ><label class='gfield_label gform-field-label' for='input_1_2'>Tel\u00e9fono<\/label><div class='ginput_container ginput_container_text'><input name='input_2' id='input_1_2' type='text' value='' class='large'    placeholder='Tel\u00e9fono'  aria-invalid=\"false\"   \/><\/div><\/li><li id=\"field_1_4\" class=\"gfield gfield--type-textarea full gfield_contains_required field_sublabel_below gfield--no-description field_description_below field_validation_below gfield_visibility_visible\"  ><label class='gfield_label gform-field-label' for='input_1_4'>Env\u00edanos un mensaje<span class=\"gfield_required\"><span class=\"gfield_required gfield_required_asterisk\">*<\/span><\/span><\/label><div class='ginput_container ginput_container_textarea'><textarea name='input_4' id='input_1_4' class='textarea large'    placeholder='Env\u00edanos un mensaje . . .*' aria-required=\"true\" aria-invalid=\"false\"   rows='10' cols='50'><\/textarea><\/div><\/li><li id=\"field_1_5\" class=\"gfield gfield--type-honeypot gform_validation_container field_sublabel_below gfield--has-description field_description_below field_validation_below gfield_visibility_visible\"  ><label class='gfield_label gform-field-label' for='input_1_5'>Email<\/label><div class='ginput_container'><input name='input_5' id='input_1_5' type='text' value='' autocomplete='new-password'\/><\/div><div class='gfield_description' id='gfield_description_1_5'>This field is for validation purposes and should be left unchanged.<\/div><\/li><\/ul><\/div>\n        <div class='gform-footer gform_footer top_label'> <input type='submit' id='gform_submit_button_1' class='gform_button button' onclick='gform.submission.handleButtonClick(this);' data-submission-type='submit' value='Enviar'  \/> \n            <input type='hidden' class='gform_hidden' name='gform_submission_method' data-js='gform_submission_method_1' value='postback' \/>\n            <input type='hidden' class='gform_hidden' name='gform_theme' data-js='gform_theme_1' id='gform_theme_1' value='legacy' \/>\n            <input type='hidden' class='gform_hidden' name='gform_style_settings' data-js='gform_style_settings_1' id='gform_style_settings_1' value='[]' \/>\n            <input type='hidden' class='gform_hidden' name='is_submit_1' value='1' \/>\n            <input type='hidden' class='gform_hidden' name='gform_submit' value='1' \/>\n            \n            <input type='hidden' class='gform_hidden' name='gform_unique_id' value='' \/>\n            <input type='hidden' class='gform_hidden' name='state_1' value='WyJbXSIsIjM3MzUzN2UwMGZjOWZlMzU4ZDI5ZjQ4Y2VhNTM0MTQyIl0=' \/>\n            <input type='hidden' autocomplete='off' class='gform_hidden' name='gform_target_page_number_1' id='gform_target_page_number_1' value='0' \/>\n            <input type='hidden' autocomplete='off' class='gform_hidden' name='gform_source_page_number_1' id='gform_source_page_number_1' value='1' \/>\n            <input type='hidden' name='gform_field_values' value='' \/>\n            \n        <\/div>\n                        <\/form>\n                        <\/div><script>\ngform.initializeOnLoaded( function() {gformInitSpinner( 1, 'https:\/\/sfcsstl.org\/wp-content\/plugins\/gravityforms\/images\/spinner.svg', true );jQuery('#gform_ajax_frame_1').on('load',function(){var contents = jQuery(this).contents().find('*').html();var is_postback = contents.indexOf('GF_AJAX_POSTBACK') >= 0;if(!is_postback){return;}var form_content = jQuery(this).contents().find('#gform_wrapper_1');var is_confirmation = jQuery(this).contents().find('#gform_confirmation_wrapper_1').length > 0;var is_redirect = contents.indexOf('gformRedirect(){') >= 0;var is_form = form_content.length > 0 && ! is_redirect && ! is_confirmation;var mt = parseInt(jQuery('html').css('margin-top'), 10) + parseInt(jQuery('body').css('margin-top'), 10) + 100;if(is_form){jQuery('#gform_wrapper_1').html(form_content.html());if(form_content.hasClass('gform_validation_error')){jQuery('#gform_wrapper_1').addClass('gform_validation_error');} else {jQuery('#gform_wrapper_1').removeClass('gform_validation_error');}setTimeout( function() { \/* delay the scroll by 50 milliseconds to fix a bug in chrome *\/  }, 50 );if(window['gformInitDatepicker']) {gformInitDatepicker();}if(window['gformInitPriceFields']) {gformInitPriceFields();}var current_page = jQuery('#gform_source_page_number_1').val();gformInitSpinner( 1, 'https:\/\/sfcsstl.org\/wp-content\/plugins\/gravityforms\/images\/spinner.svg', true );jQuery(document).trigger('gform_page_loaded', [1, current_page]);window['gf_submitting_1'] = false;}else if(!is_redirect){var confirmation_content = jQuery(this).contents().find('.GF_AJAX_POSTBACK').html();if(!confirmation_content){confirmation_content = contents;}jQuery('#gform_wrapper_1').replaceWith(confirmation_content);jQuery(document).trigger('gform_confirmation_loaded', [1]);window['gf_submitting_1'] = false;wp.a11y.speak(jQuery('#gform_confirmation_message_1').text());}else{jQuery('#gform_1').append(contents);if(window['gformRedirect']) {gformRedirect();}}jQuery(document).trigger(\"gform_pre_post_render\", [{ formId: \"1\", currentPage: \"current_page\", abort: function() { this.preventDefault(); } }]);                if (event && event.defaultPrevented) {                return;         }        const gformWrapperDiv = document.getElementById( \"gform_wrapper_1\" );        if ( gformWrapperDiv ) {            const visibilitySpan = document.createElement( \"span\" );            visibilitySpan.id = \"gform_visibility_test_1\";            gformWrapperDiv.insertAdjacentElement( \"afterend\", visibilitySpan );        }        const visibilityTestDiv = document.getElementById( \"gform_visibility_test_1\" );        let postRenderFired = false;                function triggerPostRender() {            if ( postRenderFired ) {                return;            }            postRenderFired = true;            gform.core.triggerPostRenderEvents( 1, current_page );            if ( visibilityTestDiv ) {                visibilityTestDiv.parentNode.removeChild( visibilityTestDiv );            }        }        function debounce( func, wait, immediate ) {            var timeout;            return function() {                var context = this, args = arguments;                var later = function() {                    timeout = null;                    if ( !immediate ) func.apply( context, args );                };                var callNow = immediate && !timeout;                clearTimeout( timeout );                timeout = setTimeout( later, wait );                if ( callNow ) func.apply( context, args );            };        }        const debouncedTriggerPostRender = debounce( function() {            triggerPostRender();        }, 200 );        if ( visibilityTestDiv && visibilityTestDiv.offsetParent === null ) {            const observer = new MutationObserver( ( mutations ) => {                mutations.forEach( ( mutation ) => {                    if ( mutation.type === 'attributes' && visibilityTestDiv.offsetParent !== null ) {                        debouncedTriggerPostRender();                        observer.disconnect();                    }                });            });            observer.observe( document.body, {                attributes: true,                childList: false,                subtree: true,                attributeFilter: [ 'style', 'class' ],            });        } else {            triggerPostRender();        }    } );} );\n<\/script>\n\n<p>&nbsp;<\/p>\n<hr>\n<h3><strong>CALENDARIO<\/strong><\/h3>\n<p><em>Las reuniones mensuales son el segundo mi\u00e9rcoles del mes, a las 16:30.<\/em><\/p>\n<p><strong>ENERO<\/strong><\/p>\n<p><span style=\"color: #ff6600;\">11 de enero de 2023 &#8211; reuni\u00f3n mensual | ZOOM<\/span><\/p>\n<p><strong>FEBRERO<\/strong><\/p>\n<p><span style=\"color: #ff6600;\">08 de febrero de 2023 \u2013 reuni\u00f3n mensual<\/span><\/p>\n<p><span style=\"color: #00ccff;\"><span style=\"color: #800080;\">08 de febrero de 2023 &#8211; Happy Hour (Captaci\u00f3n de amigos) | 18h<\/span> <\/span><\/p>\n<p><strong>MARZO<\/strong><\/p>\n<p><span style=\"color: #ff6600;\">08 de marzo de 2023 &#8211; reuni\u00f3n mensual | ZOOM<\/span><\/p>\n<p><span style=\"color: #800080;\"><span style=\"color: #00ccff;\">00 de marzo de 2023 &#8211; Recaudaci\u00f3n de fondos de GenPeace<\/span><\/span><\/p>\n<p><strong>ABRIL <\/strong><\/p>\n<p><span style=\"color: #ff6600;\">12 de abril de 2023 &#8211; reuni\u00f3n mensual | ZOOM<\/span><\/p>\n<p><span style=\"color: #99cc00;\">18 de abril de 2023 &#8211; Hora feliz de SFCS Rising Together<\/span><\/p>\n<p><strong>MAYO<\/strong><\/p>\n<p><span style=\"color: #ff6600;\">10 de mayo de 2023 &#8211; reuni\u00f3n mensual | ZOOM<\/span><\/p>\n<p><strong>JUNIO<\/strong><\/p>\n<p><span style=\"color: #ff6600;\">14 de junio de 2023 &#8211; reuni\u00f3n mensual | ZOOM<\/span><\/p>\n<p><strong>JULIO<\/strong><\/p>\n<p><span style=\"color: #ff6600;\">12 de julio de 2023 &#8211; reuni\u00f3n mensual<\/span><\/p>\n<p><span style=\"color: #800080;\">12 de julio de 2023 &#8211; Happy Hour (Captaci\u00f3n de amigos) | 18h<\/span><\/p>\n<p><strong>AGOSTO<\/strong><\/p>\n<p><span style=\"color: #ff6600;\">09 de agosto de 2023 &#8211; reuni\u00f3n mensual | ZOOM<\/span><\/p>\n<p><strong>SEPTIEMBRE<\/strong><\/p>\n<p><span style=\"color: #ff6600;\">13 de septiembre de 2023 &#8211; reuni\u00f3n mensual | ZOOM<\/span><\/p>\n<p><strong>OCTUBRE <\/strong><\/p>\n<p><span style=\"color: #ff6600;\">11 de octubre de 2023 &#8211; reuni\u00f3n mensual | ZOOM<\/span><\/p>\n<p><span style=\"color: #99cc00;\">07 de octubre de 2023 &#8211; Gala Seeds of Hope de SFCS <em>(FECHA POR DETERMINAR)<\/em><\/span><\/p>\n<p><strong>NOVIEMBRE<\/strong><\/p>\n<p><span style=\"color: #ff6600;\">08 de noviembre de 2023 &#8211; reuni\u00f3n mensual<\/span><\/p>\n<p><span style=\"color: #800080;\">08 de noviembre de 2023 &#8211; Happy Hour (Captaci\u00f3n de amigos) | 18h<\/span><\/p>\n<p><strong>DICIEMBRE<\/strong><\/p>\n<p><span style=\"color: #ff6600;\">13 de diciembre de 2023 &#8211; reuni\u00f3n mensual | ZOOM<\/span><\/p>\n","protected":false},"excerpt":{"rendered":"<p>\u00a1Una generaci\u00f3n trabajando por la paz! GenPeace, formado en 2023, es un grupo de l\u00edderes emergentes, de entre 21 y 39 a\u00f1os, con ideas frescas y un c\u00edrculo social en constante expansi\u00f3n. Nuestros miembros tienen la misi\u00f3n de aumentar la concienciaci\u00f3n sobre St. Francis Community Services (SFCS) y les apasiona crear una paz sostenible en&hellip;<\/p>\n","protected":false},"author":13,"featured_media":268587,"parent":0,"menu_order":0,"comment_status":"closed","ping_status":"closed","template":"","meta":{"_acf_changed":false,"inline_featured_image":false,"footnotes":""},"class_list":["post-268721","page","type-page","status-publish","has-post-thumbnail","hentry"],"acf":[],"aioseo_notices":[],"yoast_head":"<!-- This site is optimized with the Yoast SEO plugin v24.1 - https:\/\/yoast.com\/wordpress\/plugins\/seo\/ -->\n<title>GenPeace: Grupo de j\u00f3venes profesionales - St. Francis Community Services<\/title>\n<meta name=\"robots\" content=\"index, follow, max-snippet:-1, max-image-preview:large, max-video-preview:-1\" \/>\n<link rel=\"canonical\" href=\"https:\/\/sfcsstl.org\/es\/genpeace-grupo-de-jovenes-profesionales\/\" \/>\n<meta property=\"og:locale\" content=\"es_ES\" \/>\n<meta property=\"og:type\" content=\"article\" \/>\n<meta property=\"og:title\" content=\"GenPeace: Grupo de j\u00f3venes profesionales - St. Francis Community Services\" \/>\n<meta property=\"og:description\" content=\"\u00a1Una generaci\u00f3n trabajando por la paz! GenPeace, formado en 2023, es un grupo de l\u00edderes emergentes, de entre 21 y 39 a\u00f1os, con ideas frescas y un c\u00edrculo social en constante expansi\u00f3n. Nuestros miembros tienen la misi\u00f3n de aumentar la concienciaci\u00f3n sobre St. Francis Community Services (SFCS) y les apasiona crear una paz sostenible en&hellip;\" \/>\n<meta property=\"og:url\" content=\"https:\/\/sfcsstl.org\/es\/genpeace-grupo-de-jovenes-profesionales\/\" \/>\n<meta property=\"og:site_name\" content=\"St. Francis Community Services\" \/>\n<meta property=\"og:image\" content=\"https:\/\/sfcsstl.org\/wp-content\/uploads\/2022\/11\/GenPeaceLogoYP_Color-e1668020638659-277x300.png\" \/>\n<meta name=\"twitter:card\" content=\"summary_large_image\" \/>\n<meta name=\"twitter:label1\" content=\"Est. reading time\" \/>\n\t<meta name=\"twitter:data1\" content=\"3 minutos\" \/>\n<script type=\"application\/ld+json\" class=\"yoast-schema-graph\">{\"@context\":\"https:\/\/schema.org\",\"@graph\":[{\"@type\":\"WebPage\",\"@id\":\"https:\/\/sfcsstl.org\/es\/genpeace-grupo-de-jovenes-profesionales\/\",\"url\":\"https:\/\/sfcsstl.org\/es\/genpeace-grupo-de-jovenes-profesionales\/\",\"name\":\"GenPeace: Grupo de j\u00f3venes profesionales - St. Francis Community Services\",\"isPartOf\":{\"@id\":\"https:\/\/sfcsstl.org\/es\/#website\"},\"primaryImageOfPage\":{\"@id\":\"https:\/\/sfcsstl.org\/es\/genpeace-grupo-de-jovenes-profesionales\/#primaryimage\"},\"image\":{\"@id\":\"https:\/\/sfcsstl.org\/es\/genpeace-grupo-de-jovenes-profesionales\/#primaryimage\"},\"thumbnailUrl\":\"https:\/\/sfcsstl.org\/wp-content\/uploads\/2022\/11\/young-pro.jpg\",\"datePublished\":\"2022-11-08T21:27:08+00:00\",\"dateModified\":\"2022-11-08T21:27:08+00:00\",\"breadcrumb\":{\"@id\":\"https:\/\/sfcsstl.org\/es\/genpeace-grupo-de-jovenes-profesionales\/#breadcrumb\"},\"inLanguage\":\"es\",\"potentialAction\":[{\"@type\":\"ReadAction\",\"target\":[\"https:\/\/sfcsstl.org\/es\/genpeace-grupo-de-jovenes-profesionales\/\"]}]},{\"@type\":\"ImageObject\",\"inLanguage\":\"es\",\"@id\":\"https:\/\/sfcsstl.org\/es\/genpeace-grupo-de-jovenes-profesionales\/#primaryimage\",\"url\":\"https:\/\/sfcsstl.org\/wp-content\/uploads\/2022\/11\/young-pro.jpg\",\"contentUrl\":\"https:\/\/sfcsstl.org\/wp-content\/uploads\/2022\/11\/young-pro.jpg\",\"width\":1024,\"height\":562},{\"@type\":\"BreadcrumbList\",\"@id\":\"https:\/\/sfcsstl.org\/es\/genpeace-grupo-de-jovenes-profesionales\/#breadcrumb\",\"itemListElement\":[{\"@type\":\"ListItem\",\"position\":1,\"name\":\"Home\",\"item\":\"https:\/\/sfcsstl.org\/es\/\"},{\"@type\":\"ListItem\",\"position\":2,\"name\":\"GenPeace: Grupo de j\u00f3venes profesionales\"}]},{\"@type\":\"WebSite\",\"@id\":\"https:\/\/sfcsstl.org\/es\/#website\",\"url\":\"https:\/\/sfcsstl.org\/es\/\",\"name\":\"St. Francis Community Services\",\"description\":\"Achieving A Better Tomorrow\",\"potentialAction\":[{\"@type\":\"SearchAction\",\"target\":{\"@type\":\"EntryPoint\",\"urlTemplate\":\"https:\/\/sfcsstl.org\/es\/?s={search_term_string}\"},\"query-input\":{\"@type\":\"PropertyValueSpecification\",\"valueRequired\":true,\"valueName\":\"search_term_string\"}}],\"inLanguage\":\"es\"}]}<\/script>\n<!-- \/ Yoast SEO plugin. -->","yoast_head_json":{"title":"GenPeace: Grupo de j\u00f3venes profesionales - St. Francis Community Services","robots":{"index":"index","follow":"follow","max-snippet":"max-snippet:-1","max-image-preview":"max-image-preview:large","max-video-preview":"max-video-preview:-1"},"canonical":"https:\/\/sfcsstl.org\/es\/genpeace-grupo-de-jovenes-profesionales\/","og_locale":"es_ES","og_type":"article","og_title":"GenPeace: Grupo de j\u00f3venes profesionales - St. Francis Community Services","og_description":"\u00a1Una generaci\u00f3n trabajando por la paz! GenPeace, formado en 2023, es un grupo de l\u00edderes emergentes, de entre 21 y 39 a\u00f1os, con ideas frescas y un c\u00edrculo social en constante expansi\u00f3n. Nuestros miembros tienen la misi\u00f3n de aumentar la concienciaci\u00f3n sobre St. Francis Community Services (SFCS) y les apasiona crear una paz sostenible en&hellip;","og_url":"https:\/\/sfcsstl.org\/es\/genpeace-grupo-de-jovenes-profesionales\/","og_site_name":"St. Francis Community Services","og_image":[{"url":"https:\/\/sfcsstl.org\/wp-content\/uploads\/2022\/11\/GenPeaceLogoYP_Color-e1668020638659-277x300.png","type":"","width":"","height":""}],"twitter_card":"summary_large_image","twitter_misc":{"Est. reading time":"3 minutos"},"schema":{"@context":"https:\/\/schema.org","@graph":[{"@type":"WebPage","@id":"https:\/\/sfcsstl.org\/es\/genpeace-grupo-de-jovenes-profesionales\/","url":"https:\/\/sfcsstl.org\/es\/genpeace-grupo-de-jovenes-profesionales\/","name":"GenPeace: Grupo de j\u00f3venes profesionales - St. Francis Community Services","isPartOf":{"@id":"https:\/\/sfcsstl.org\/es\/#website"},"primaryImageOfPage":{"@id":"https:\/\/sfcsstl.org\/es\/genpeace-grupo-de-jovenes-profesionales\/#primaryimage"},"image":{"@id":"https:\/\/sfcsstl.org\/es\/genpeace-grupo-de-jovenes-profesionales\/#primaryimage"},"thumbnailUrl":"https:\/\/sfcsstl.org\/wp-content\/uploads\/2022\/11\/young-pro.jpg","datePublished":"2022-11-08T21:27:08+00:00","dateModified":"2022-11-08T21:27:08+00:00","breadcrumb":{"@id":"https:\/\/sfcsstl.org\/es\/genpeace-grupo-de-jovenes-profesionales\/#breadcrumb"},"inLanguage":"es","potentialAction":[{"@type":"ReadAction","target":["https:\/\/sfcsstl.org\/es\/genpeace-grupo-de-jovenes-profesionales\/"]}]},{"@type":"ImageObject","inLanguage":"es","@id":"https:\/\/sfcsstl.org\/es\/genpeace-grupo-de-jovenes-profesionales\/#primaryimage","url":"https:\/\/sfcsstl.org\/wp-content\/uploads\/2022\/11\/young-pro.jpg","contentUrl":"https:\/\/sfcsstl.org\/wp-content\/uploads\/2022\/11\/young-pro.jpg","width":1024,"height":562},{"@type":"BreadcrumbList","@id":"https:\/\/sfcsstl.org\/es\/genpeace-grupo-de-jovenes-profesionales\/#breadcrumb","itemListElement":[{"@type":"ListItem","position":1,"name":"Home","item":"https:\/\/sfcsstl.org\/es\/"},{"@type":"ListItem","position":2,"name":"GenPeace: Grupo de j\u00f3venes profesionales"}]},{"@type":"WebSite","@id":"https:\/\/sfcsstl.org\/es\/#website","url":"https:\/\/sfcsstl.org\/es\/","name":"St. Francis Community Services","description":"Achieving A Better Tomorrow","potentialAction":[{"@type":"SearchAction","target":{"@type":"EntryPoint","urlTemplate":"https:\/\/sfcsstl.org\/es\/?s={search_term_string}"},"query-input":{"@type":"PropertyValueSpecification","valueRequired":true,"valueName":"search_term_string"}}],"inLanguage":"es"}]}},"_links":{"self":[{"href":"https:\/\/sfcsstl.org\/es\/wp-json\/wp\/v2\/pages\/268721","targetHints":{"allow":["GET"]}}],"collection":[{"href":"https:\/\/sfcsstl.org\/es\/wp-json\/wp\/v2\/pages"}],"about":[{"href":"https:\/\/sfcsstl.org\/es\/wp-json\/wp\/v2\/types\/page"}],"author":[{"embeddable":true,"href":"https:\/\/sfcsstl.org\/es\/wp-json\/wp\/v2\/users\/13"}],"replies":[{"embeddable":true,"href":"https:\/\/sfcsstl.org\/es\/wp-json\/wp\/v2\/comments?post=268721"}],"version-history":[{"count":0,"href":"https:\/\/sfcsstl.org\/es\/wp-json\/wp\/v2\/pages\/268721\/revisions"}],"wp:featuredmedia":[{"embeddable":true,"href":"https:\/\/sfcsstl.org\/es\/wp-json\/wp\/v2\/media\/268587"}],"wp:attachment":[{"href":"https:\/\/sfcsstl.org\/es\/wp-json\/wp\/v2\/media?parent=268721"}],"curies":[{"name":"wp","href":"https:\/\/api.w.org\/{rel}","templated":true}]}}