{"id":268719,"date":"2022-06-17T00:53:58","date_gmt":"2022-06-17T00:53:58","guid":{"rendered":"https:\/\/sfcsstl.org\/politica-de-privacidad-notificacion-de-hipaa-sobre-las-practicas-de-privacidad\/"},"modified":"2025-11-27T16:42:11","modified_gmt":"2025-11-27T16:42:11","slug":"politica-de-privacidad-notificacion-de-hipaa-sobre-las-practicas-de-privacidad","status":"publish","type":"page","link":"https:\/\/sfcsstl.org\/es\/politica-de-privacidad-notificacion-de-hipaa-sobre-las-practicas-de-privacidad\/","title":{"rendered":"Pol\u00edtica de privacidad: Notificaci\u00f3n de HIPAA sobre las pr\u00e1cticas de privacidad"},"content":{"rendered":"<p>St. Francis Community Services se compromete a proteger la privacidad en Internet. La \u00fanica informaci\u00f3n que recopilamos de su visita a nuestro sitio web es el nombre de su proveedor de servicios de Internet, el navegador y el tipo de dispositivo que est\u00e1 utilizando, el sitio web que lo refiri\u00f3 a nosotros, las p\u00e1ginas que solicita y la fecha y hora en que las solicita. Utilizamos esta informaci\u00f3n para generar estad\u00edsticas y medir la actividad del sitio.<\/p>\n<p>El sitio web de St. Francis Community Services utiliza formularios de recopilaci\u00f3n de informaci\u00f3n para obtener direcciones de correo electr\u00f3nico y otros datos personales de los visitantes que los env\u00edan voluntariamente. Los datos recopilados se utilizan para distribuir solicitudes y noticias de St. Francis Community Services a nuestros visitantes.<\/p>\n<p>St. Francis Community Services hace todo lo posible para garantizar la recopilaci\u00f3n y transmisi\u00f3n segura de la informaci\u00f3n confidencial del usuario.<\/p>\n<p>St. Francis Community Services no vende ni divulga ninguna de la informaci\u00f3n que recopila a ninguna otra organizaci\u00f3n.<\/p>\n<p><a href=\"https:\/\/sfcsstl.org\/wp-content\/uploads\/2025\/11\/Notice-of-Privacy-Practices-2-2025.pdf\"><u>AVISO DE PR\u00c1CTICAS DE PRIVACIDAD<\/u><\/a><\/p>\n<p><a href=\"https:\/\/sfcsstl.org\/wp-content\/uploads\/2025\/11\/Notice-of-Privacy-Practices-4-2025-Spanish.pdf\"><u>AVISO GEN\u00c9RICO DE PR\u00c1CTICAS DE PRIVACIDAD<\/u><\/a><\/p>\n<p><a href=\"https:\/\/sfcsstl.org\/wp-content\/uploads\/2022\/11\/HIPAA-Handout-English-05.17-Haitian-Creole-3.pdf\"><u>AVI SOU PRATIK KONFIDANSYALITE<\/u><\/a><\/p>\n<p>&nbsp;<\/p>\n","protected":false},"excerpt":{"rendered":"<p>St. Francis Community Services se compromete a proteger la privacidad en Internet. La \u00fanica informaci\u00f3n que recopilamos de su visita a nuestro sitio web es el nombre de su proveedor de servicios de Internet, el navegador y el tipo de dispositivo que est\u00e1 utilizando, el sitio web que lo refiri\u00f3 a nosotros, las p\u00e1ginas que&hellip;<\/p>\n","protected":false},"author":13,"featured_media":0,"parent":0,"menu_order":0,"comment_status":"closed","ping_status":"closed","template":"","meta":{"_acf_changed":false,"inline_featured_image":false,"footnotes":""},"class_list":["post-268719","page","type-page","status-publish","hentry"],"acf":[],"aioseo_notices":[],"yoast_head":"<!-- This site is optimized with the Yoast SEO plugin v24.1 - https:\/\/yoast.com\/wordpress\/plugins\/seo\/ -->\n<title>Pol\u00edtica de privacidad: Notificaci\u00f3n de HIPAA sobre las pr\u00e1cticas de privacidad - St. Francis Community Services<\/title>\n<meta name=\"robots\" content=\"index, follow, max-snippet:-1, max-image-preview:large, max-video-preview:-1\" \/>\n<link rel=\"canonical\" href=\"https:\/\/sfcsstl.org\/es\/politica-de-privacidad-notificacion-de-hipaa-sobre-las-practicas-de-privacidad\/\" \/>\n<meta property=\"og:locale\" content=\"es_ES\" \/>\n<meta property=\"og:type\" content=\"article\" \/>\n<meta property=\"og:title\" content=\"Pol\u00edtica de privacidad: Notificaci\u00f3n de HIPAA sobre las pr\u00e1cticas de privacidad - St. Francis Community Services\" \/>\n<meta property=\"og:description\" content=\"St. Francis Community Services se compromete a proteger la privacidad en Internet. La \u00fanica informaci\u00f3n que recopilamos de su visita a nuestro sitio web es el nombre de su proveedor de servicios de Internet, el navegador y el tipo de dispositivo que est\u00e1 utilizando, el sitio web que lo refiri\u00f3 a nosotros, las p\u00e1ginas que&hellip;\" \/>\n<meta property=\"og:url\" content=\"https:\/\/sfcsstl.org\/es\/politica-de-privacidad-notificacion-de-hipaa-sobre-las-practicas-de-privacidad\/\" \/>\n<meta property=\"og:site_name\" content=\"St. Francis Community Services\" \/>\n<meta property=\"article:modified_time\" content=\"2025-11-27T16:42:11+00:00\" \/>\n<meta name=\"twitter:card\" content=\"summary_large_image\" \/>\n<meta name=\"twitter:label1\" content=\"Est. reading time\" \/>\n\t<meta name=\"twitter:data1\" content=\"1 minuto\" \/>\n<script type=\"application\/ld+json\" class=\"yoast-schema-graph\">{\"@context\":\"https:\/\/schema.org\",\"@graph\":[{\"@type\":\"WebPage\",\"@id\":\"https:\/\/sfcsstl.org\/es\/politica-de-privacidad-notificacion-de-hipaa-sobre-las-practicas-de-privacidad\/\",\"url\":\"https:\/\/sfcsstl.org\/es\/politica-de-privacidad-notificacion-de-hipaa-sobre-las-practicas-de-privacidad\/\",\"name\":\"Pol\u00edtica de privacidad: Notificaci\u00f3n de HIPAA sobre las pr\u00e1cticas de privacidad - St. Francis Community Services\",\"isPartOf\":{\"@id\":\"https:\/\/sfcsstl.org\/es\/#website\"},\"datePublished\":\"2022-06-17T00:53:58+00:00\",\"dateModified\":\"2025-11-27T16:42:11+00:00\",\"breadcrumb\":{\"@id\":\"https:\/\/sfcsstl.org\/es\/politica-de-privacidad-notificacion-de-hipaa-sobre-las-practicas-de-privacidad\/#breadcrumb\"},\"inLanguage\":\"es\",\"potentialAction\":[{\"@type\":\"ReadAction\",\"target\":[\"https:\/\/sfcsstl.org\/es\/politica-de-privacidad-notificacion-de-hipaa-sobre-las-practicas-de-privacidad\/\"]}]},{\"@type\":\"BreadcrumbList\",\"@id\":\"https:\/\/sfcsstl.org\/es\/politica-de-privacidad-notificacion-de-hipaa-sobre-las-practicas-de-privacidad\/#breadcrumb\",\"itemListElement\":[{\"@type\":\"ListItem\",\"position\":1,\"name\":\"Home\",\"item\":\"https:\/\/sfcsstl.org\/es\/\"},{\"@type\":\"ListItem\",\"position\":2,\"name\":\"Pol\u00edtica de privacidad: Notificaci\u00f3n de HIPAA sobre las pr\u00e1cticas de privacidad\"}]},{\"@type\":\"WebSite\",\"@id\":\"https:\/\/sfcsstl.org\/es\/#website\",\"url\":\"https:\/\/sfcsstl.org\/es\/\",\"name\":\"St. Francis Community Services\",\"description\":\"Achieving A Better Tomorrow\",\"potentialAction\":[{\"@type\":\"SearchAction\",\"target\":{\"@type\":\"EntryPoint\",\"urlTemplate\":\"https:\/\/sfcsstl.org\/es\/?s={search_term_string}\"},\"query-input\":{\"@type\":\"PropertyValueSpecification\",\"valueRequired\":true,\"valueName\":\"search_term_string\"}}],\"inLanguage\":\"es\"}]}<\/script>\n<!-- \/ Yoast SEO plugin. -->","yoast_head_json":{"title":"Pol\u00edtica de privacidad: Notificaci\u00f3n de HIPAA sobre las pr\u00e1cticas de privacidad - St. Francis Community Services","robots":{"index":"index","follow":"follow","max-snippet":"max-snippet:-1","max-image-preview":"max-image-preview:large","max-video-preview":"max-video-preview:-1"},"canonical":"https:\/\/sfcsstl.org\/es\/politica-de-privacidad-notificacion-de-hipaa-sobre-las-practicas-de-privacidad\/","og_locale":"es_ES","og_type":"article","og_title":"Pol\u00edtica de privacidad: Notificaci\u00f3n de HIPAA sobre las pr\u00e1cticas de privacidad - St. Francis Community Services","og_description":"St. Francis Community Services se compromete a proteger la privacidad en Internet. La \u00fanica informaci\u00f3n que recopilamos de su visita a nuestro sitio web es el nombre de su proveedor de servicios de Internet, el navegador y el tipo de dispositivo que est\u00e1 utilizando, el sitio web que lo refiri\u00f3 a nosotros, las p\u00e1ginas que&hellip;","og_url":"https:\/\/sfcsstl.org\/es\/politica-de-privacidad-notificacion-de-hipaa-sobre-las-practicas-de-privacidad\/","og_site_name":"St. Francis Community Services","article_modified_time":"2025-11-27T16:42:11+00:00","twitter_card":"summary_large_image","twitter_misc":{"Est. reading time":"1 minuto"},"schema":{"@context":"https:\/\/schema.org","@graph":[{"@type":"WebPage","@id":"https:\/\/sfcsstl.org\/es\/politica-de-privacidad-notificacion-de-hipaa-sobre-las-practicas-de-privacidad\/","url":"https:\/\/sfcsstl.org\/es\/politica-de-privacidad-notificacion-de-hipaa-sobre-las-practicas-de-privacidad\/","name":"Pol\u00edtica de privacidad: Notificaci\u00f3n de HIPAA sobre las pr\u00e1cticas de privacidad - St. Francis Community Services","isPartOf":{"@id":"https:\/\/sfcsstl.org\/es\/#website"},"datePublished":"2022-06-17T00:53:58+00:00","dateModified":"2025-11-27T16:42:11+00:00","breadcrumb":{"@id":"https:\/\/sfcsstl.org\/es\/politica-de-privacidad-notificacion-de-hipaa-sobre-las-practicas-de-privacidad\/#breadcrumb"},"inLanguage":"es","potentialAction":[{"@type":"ReadAction","target":["https:\/\/sfcsstl.org\/es\/politica-de-privacidad-notificacion-de-hipaa-sobre-las-practicas-de-privacidad\/"]}]},{"@type":"BreadcrumbList","@id":"https:\/\/sfcsstl.org\/es\/politica-de-privacidad-notificacion-de-hipaa-sobre-las-practicas-de-privacidad\/#breadcrumb","itemListElement":[{"@type":"ListItem","position":1,"name":"Home","item":"https:\/\/sfcsstl.org\/es\/"},{"@type":"ListItem","position":2,"name":"Pol\u00edtica de privacidad: Notificaci\u00f3n de HIPAA sobre las pr\u00e1cticas de privacidad"}]},{"@type":"WebSite","@id":"https:\/\/sfcsstl.org\/es\/#website","url":"https:\/\/sfcsstl.org\/es\/","name":"St. Francis Community Services","description":"Achieving A Better Tomorrow","potentialAction":[{"@type":"SearchAction","target":{"@type":"EntryPoint","urlTemplate":"https:\/\/sfcsstl.org\/es\/?s={search_term_string}"},"query-input":{"@type":"PropertyValueSpecification","valueRequired":true,"valueName":"search_term_string"}}],"inLanguage":"es"}]}},"_links":{"self":[{"href":"https:\/\/sfcsstl.org\/es\/wp-json\/wp\/v2\/pages\/268719","targetHints":{"allow":["GET"]}}],"collection":[{"href":"https:\/\/sfcsstl.org\/es\/wp-json\/wp\/v2\/pages"}],"about":[{"href":"https:\/\/sfcsstl.org\/es\/wp-json\/wp\/v2\/types\/page"}],"author":[{"embeddable":true,"href":"https:\/\/sfcsstl.org\/es\/wp-json\/wp\/v2\/users\/13"}],"replies":[{"embeddable":true,"href":"https:\/\/sfcsstl.org\/es\/wp-json\/wp\/v2\/comments?post=268719"}],"version-history":[{"count":0,"href":"https:\/\/sfcsstl.org\/es\/wp-json\/wp\/v2\/pages\/268719\/revisions"}],"wp:attachment":[{"href":"https:\/\/sfcsstl.org\/es\/wp-json\/wp\/v2\/media?parent=268719"}],"curies":[{"name":"wp","href":"https:\/\/api.w.org\/{rel}","templated":true}]}}