{"id":268714,"date":"2025-03-27T15:31:39","date_gmt":"2025-03-27T15:31:39","guid":{"rendered":"https:\/\/sfcsstl.org\/servicios\/"},"modified":"2025-11-27T16:40:04","modified_gmt":"2025-11-27T16:40:04","slug":"servicios","status":"publish","type":"page","link":"https:\/\/sfcsstl.org\/es\/servicios\/","title":{"rendered":"Servicios"},"content":{"rendered":"\n<h2>\n\t\t\t\t<\/h2>\n<h6>\n\t\t\tAyudamos a personas y familias multiculturales de bajos ingresos a mejorar sus vidas.\t<\/h6>\n\t\t\t\t<img decoding=\"async\" src=\"https:\/\/sfcsstl.org\/wp-content\/plugins\/bb-plugin\/img\/pixel.png\" alt=\"\" itemprop=\"image\" onerror=\"this.style.display='none'\" loading='lazy' \/>\n<h4>\n\t\t\tSERVICIOS DE INMIGRACI\u00d3N\t<\/h4>\n\t<p>Ayudamos a nuestros vecinos de habla hispana con servicios esenciales para ayudarles a prosperar.<\/p>\n\t\t\t<a href=\"https:\/\/sfcsstl.org\/es\/servicios-de-inmigracion\/\" target=\"_self\">\n\t\t\t\t\t\t\tM\u00c1S INFORMACI\u00d3N\n\t\t\t\t\t<\/a>\n\t\t\t\t<img decoding=\"async\" src=\"https:\/\/sfcsstl.org\/wp-content\/plugins\/bb-plugin\/img\/pixel.png\" alt=\"\" itemprop=\"image\" onerror=\"this.style.display='none'\" loading='lazy' \/>\n<h4>\n\t\t\tASISTENCIA LEGAL\t<\/h4>\n\t<p>Luchando por los derechos legales de los clientes que de otro modo no podr\u00edan pagar un abogado<\/p>\n\t\t\t<a href=\"https:\/\/sfcsstl.org\/es\/services\/asistencia-juridica\/\" target=\"_self\">\n\t\t\t\t\t\t\tM\u00c1S INFORMACI\u00d3N\n\t\t\t\t\t<\/a>\n\t\t\t\t<img decoding=\"async\" src=\"https:\/\/sfcsstl.org\/wp-content\/uploads\/2015\/09\/Case-Management-for-Website.png\" alt=\"Case Management for Website\" itemprop=\"image\" height=\"676\" width=\"1256\" title=\"Case Management for Website\" onerror=\"this.style.display='none'\" loading='lazy' \/>\n<h4>\n\t\t\tCaminos hacia el progreso\t<\/h4>\n\t<p>Combinando el conocimiento del cliente con la defensa de un administrador de casos para transformar vidas<\/p>\n\t\t\t<a href=\"https:\/\/sfcsstl.org\/es\/services\/caminos-hacia-el-progreso\/\" target=\"_self\">\n\t\t\t\t\t\t\tM\u00c1S INFORMACI\u00d3N\n\t\t\t\t\t<\/a>\n<h3>\n\t\t\tEmpoderando a los j\u00f3venes biling\u00fces para que prosperen\t<\/h3>\n\t<p>Nuestro programa juvenil biling\u00fce crea un espacio seguro y acogedor para que los ni\u00f1os de inmigrantes que hablan espa\u00f1ol e ingl\u00e9s crezcan acad\u00e9mica, social y emocionalmente. Con un personal biling\u00fce atento, tutor\u00edas, juegos creativos y campamentos de verano, los ni\u00f1os obtienen la confianza y las habilidades que necesitan para tener \u00e9xito tanto en la escuela como en la vida.<\/p>\n\t\t\t<a href=\"https:\/\/sfcsstl.org\/es\/services\/programa-juvenil-bilingue\/\" target=\"_self\">\n\t\t\t\t\t\t\tm\u00e1s informaci\u00f3n\n\t\t\t\t\t<\/a>\n\n","protected":false},"excerpt":{"rendered":"<p>Ayudamos a personas y familias multiculturales de bajos ingresos a mejorar sus vidas. SERVICIOS DE INMIGRACI\u00d3N Ayudamos a nuestros vecinos de habla hispana con servicios esenciales para ayudarles a prosperar. M\u00c1S INFORMACI\u00d3N ASISTENCIA LEGAL Luchando por los derechos legales de los clientes que de otro modo no podr\u00edan pagar un abogado M\u00c1S INFORMACI\u00d3N Caminos hacia&hellip;<\/p>\n","protected":false},"author":18,"featured_media":268642,"parent":0,"menu_order":0,"comment_status":"closed","ping_status":"closed","template":"","meta":{"_acf_changed":false,"inline_featured_image":false,"footnotes":""},"class_list":["post-268714","page","type-page","status-publish","has-post-thumbnail","hentry"],"acf":[],"aioseo_notices":[],"yoast_head":"<!-- This site is optimized with the Yoast SEO plugin v24.1 - https:\/\/yoast.com\/wordpress\/plugins\/seo\/ -->\n<title>Servicios - St. Francis Community Services<\/title>\n<meta name=\"robots\" content=\"index, follow, max-snippet:-1, max-image-preview:large, max-video-preview:-1\" \/>\n<link rel=\"canonical\" href=\"https:\/\/sfcsstl.org\/es\/servicios\/\" \/>\n<meta property=\"og:locale\" content=\"es_ES\" \/>\n<meta property=\"og:type\" content=\"article\" \/>\n<meta property=\"og:title\" content=\"Servicios - St. Francis Community Services\" \/>\n<meta property=\"og:description\" content=\"Ayudamos a personas y familias multiculturales de bajos ingresos a mejorar sus vidas. SERVICIOS DE INMIGRACI\u00d3N Ayudamos a nuestros vecinos de habla hispana con servicios esenciales para ayudarles a prosperar. M\u00c1S INFORMACI\u00d3N ASISTENCIA LEGAL Luchando por los derechos legales de los clientes que de otro modo no podr\u00edan pagar un abogado M\u00c1S INFORMACI\u00d3N Caminos hacia&hellip;\" \/>\n<meta property=\"og:url\" content=\"https:\/\/sfcsstl.org\/es\/servicios\/\" \/>\n<meta property=\"og:site_name\" content=\"St. Francis Community Services\" \/>\n<meta property=\"article:modified_time\" content=\"2025-11-27T16:40:04+00:00\" \/>\n<meta property=\"og:image\" content=\"https:\/\/sfcsstl.org\/wp-content\/uploads\/2025\/03\/CARD-scaled.jpg\" \/>\n\t<meta property=\"og:image:width\" content=\"2560\" \/>\n\t<meta property=\"og:image:height\" content=\"1708\" \/>\n\t<meta property=\"og:image:type\" content=\"image\/jpeg\" \/>\n<meta name=\"twitter:card\" content=\"summary_large_image\" \/>\n<meta name=\"twitter:label1\" content=\"Est. reading time\" \/>\n\t<meta name=\"twitter:data1\" content=\"1 minuto\" \/>\n<script type=\"application\/ld+json\" class=\"yoast-schema-graph\">{\"@context\":\"https:\/\/schema.org\",\"@graph\":[{\"@type\":\"WebPage\",\"@id\":\"https:\/\/sfcsstl.org\/es\/servicios\/\",\"url\":\"https:\/\/sfcsstl.org\/es\/servicios\/\",\"name\":\"Servicios - St. Francis Community Services\",\"isPartOf\":{\"@id\":\"https:\/\/sfcsstl.org\/es\/#website\"},\"primaryImageOfPage\":{\"@id\":\"https:\/\/sfcsstl.org\/es\/servicios\/#primaryimage\"},\"image\":{\"@id\":\"https:\/\/sfcsstl.org\/es\/servicios\/#primaryimage\"},\"thumbnailUrl\":\"https:\/\/sfcsstl.org\/wp-content\/uploads\/2025\/03\/CARD-scaled.jpg\",\"datePublished\":\"2025-03-27T15:31:39+00:00\",\"dateModified\":\"2025-11-27T16:40:04+00:00\",\"breadcrumb\":{\"@id\":\"https:\/\/sfcsstl.org\/es\/servicios\/#breadcrumb\"},\"inLanguage\":\"es\",\"potentialAction\":[{\"@type\":\"ReadAction\",\"target\":[\"https:\/\/sfcsstl.org\/es\/servicios\/\"]}]},{\"@type\":\"ImageObject\",\"inLanguage\":\"es\",\"@id\":\"https:\/\/sfcsstl.org\/es\/servicios\/#primaryimage\",\"url\":\"https:\/\/sfcsstl.org\/wp-content\/uploads\/2025\/03\/CARD-scaled.jpg\",\"contentUrl\":\"https:\/\/sfcsstl.org\/wp-content\/uploads\/2025\/03\/CARD-scaled.jpg\",\"width\":2560,\"height\":1708},{\"@type\":\"BreadcrumbList\",\"@id\":\"https:\/\/sfcsstl.org\/es\/servicios\/#breadcrumb\",\"itemListElement\":[{\"@type\":\"ListItem\",\"position\":1,\"name\":\"Home\",\"item\":\"https:\/\/sfcsstl.org\/es\/\"},{\"@type\":\"ListItem\",\"position\":2,\"name\":\"Servicios\"}]},{\"@type\":\"WebSite\",\"@id\":\"https:\/\/sfcsstl.org\/es\/#website\",\"url\":\"https:\/\/sfcsstl.org\/es\/\",\"name\":\"St. Francis Community Services\",\"description\":\"Achieving A Better Tomorrow\",\"potentialAction\":[{\"@type\":\"SearchAction\",\"target\":{\"@type\":\"EntryPoint\",\"urlTemplate\":\"https:\/\/sfcsstl.org\/es\/?s={search_term_string}\"},\"query-input\":{\"@type\":\"PropertyValueSpecification\",\"valueRequired\":true,\"valueName\":\"search_term_string\"}}],\"inLanguage\":\"es\"}]}<\/script>\n<!-- \/ Yoast SEO plugin. -->","yoast_head_json":{"title":"Servicios - St. Francis Community Services","robots":{"index":"index","follow":"follow","max-snippet":"max-snippet:-1","max-image-preview":"max-image-preview:large","max-video-preview":"max-video-preview:-1"},"canonical":"https:\/\/sfcsstl.org\/es\/servicios\/","og_locale":"es_ES","og_type":"article","og_title":"Servicios - St. Francis Community Services","og_description":"Ayudamos a personas y familias multiculturales de bajos ingresos a mejorar sus vidas. SERVICIOS DE INMIGRACI\u00d3N Ayudamos a nuestros vecinos de habla hispana con servicios esenciales para ayudarles a prosperar. M\u00c1S INFORMACI\u00d3N ASISTENCIA LEGAL Luchando por los derechos legales de los clientes que de otro modo no podr\u00edan pagar un abogado M\u00c1S INFORMACI\u00d3N Caminos hacia&hellip;","og_url":"https:\/\/sfcsstl.org\/es\/servicios\/","og_site_name":"St. Francis Community Services","article_modified_time":"2025-11-27T16:40:04+00:00","og_image":[{"width":2560,"height":1708,"url":"https:\/\/sfcsstl.org\/wp-content\/uploads\/2025\/03\/CARD-scaled.jpg","type":"image\/jpeg"}],"twitter_card":"summary_large_image","twitter_misc":{"Est. reading time":"1 minuto"},"schema":{"@context":"https:\/\/schema.org","@graph":[{"@type":"WebPage","@id":"https:\/\/sfcsstl.org\/es\/servicios\/","url":"https:\/\/sfcsstl.org\/es\/servicios\/","name":"Servicios - St. Francis Community Services","isPartOf":{"@id":"https:\/\/sfcsstl.org\/es\/#website"},"primaryImageOfPage":{"@id":"https:\/\/sfcsstl.org\/es\/servicios\/#primaryimage"},"image":{"@id":"https:\/\/sfcsstl.org\/es\/servicios\/#primaryimage"},"thumbnailUrl":"https:\/\/sfcsstl.org\/wp-content\/uploads\/2025\/03\/CARD-scaled.jpg","datePublished":"2025-03-27T15:31:39+00:00","dateModified":"2025-11-27T16:40:04+00:00","breadcrumb":{"@id":"https:\/\/sfcsstl.org\/es\/servicios\/#breadcrumb"},"inLanguage":"es","potentialAction":[{"@type":"ReadAction","target":["https:\/\/sfcsstl.org\/es\/servicios\/"]}]},{"@type":"ImageObject","inLanguage":"es","@id":"https:\/\/sfcsstl.org\/es\/servicios\/#primaryimage","url":"https:\/\/sfcsstl.org\/wp-content\/uploads\/2025\/03\/CARD-scaled.jpg","contentUrl":"https:\/\/sfcsstl.org\/wp-content\/uploads\/2025\/03\/CARD-scaled.jpg","width":2560,"height":1708},{"@type":"BreadcrumbList","@id":"https:\/\/sfcsstl.org\/es\/servicios\/#breadcrumb","itemListElement":[{"@type":"ListItem","position":1,"name":"Home","item":"https:\/\/sfcsstl.org\/es\/"},{"@type":"ListItem","position":2,"name":"Servicios"}]},{"@type":"WebSite","@id":"https:\/\/sfcsstl.org\/es\/#website","url":"https:\/\/sfcsstl.org\/es\/","name":"St. Francis Community Services","description":"Achieving A Better Tomorrow","potentialAction":[{"@type":"SearchAction","target":{"@type":"EntryPoint","urlTemplate":"https:\/\/sfcsstl.org\/es\/?s={search_term_string}"},"query-input":{"@type":"PropertyValueSpecification","valueRequired":true,"valueName":"search_term_string"}}],"inLanguage":"es"}]}},"_links":{"self":[{"href":"https:\/\/sfcsstl.org\/es\/wp-json\/wp\/v2\/pages\/268714","targetHints":{"allow":["GET"]}}],"collection":[{"href":"https:\/\/sfcsstl.org\/es\/wp-json\/wp\/v2\/pages"}],"about":[{"href":"https:\/\/sfcsstl.org\/es\/wp-json\/wp\/v2\/types\/page"}],"author":[{"embeddable":true,"href":"https:\/\/sfcsstl.org\/es\/wp-json\/wp\/v2\/users\/18"}],"replies":[{"embeddable":true,"href":"https:\/\/sfcsstl.org\/es\/wp-json\/wp\/v2\/comments?post=268714"}],"version-history":[{"count":0,"href":"https:\/\/sfcsstl.org\/es\/wp-json\/wp\/v2\/pages\/268714\/revisions"}],"wp:featuredmedia":[{"embeddable":true,"href":"https:\/\/sfcsstl.org\/es\/wp-json\/wp\/v2\/media\/268642"}],"wp:attachment":[{"href":"https:\/\/sfcsstl.org\/es\/wp-json\/wp\/v2\/media?parent=268714"}],"curies":[{"name":"wp","href":"https:\/\/api.w.org\/{rel}","templated":true}]}}