{"id":268712,"date":"2025-03-21T20:37:59","date_gmt":"2025-03-21T20:37:59","guid":{"rendered":"https:\/\/sfcsstl.org\/inicio\/"},"modified":"2025-11-27T16:37:36","modified_gmt":"2025-11-27T16:37:36","slug":"inicio","status":"publish","type":"page","link":"https:\/\/sfcsstl.org\/es\/","title":{"rendered":"Inicio"},"content":{"rendered":"\r\n<p>Nuestra misi\u00f3n<\/p>\r\n<h2>Empoderamos a personas y familias multiculturales<\/h2>\r\n<p><a href=\"https:\/\/sfcsstl.org\/es\/donar\/\" target=\"_self\"> DONAR <\/a> <a href=\"https:\/\/sfcsstl.org\/es\/solicitar-servicios\/\" target=\"_self\"> SOLICITAR SERVICIOS <\/a><\/p>\r\n<h2>Nuestros servicios<\/h2>\r\n<p><img loading=\"lazy\" decoding=\"async\" title=\"immigration_services\" src=\"https:\/\/sfcsstl.org\/wp-content\/uploads\/2025\/06\/immigration_services.jpg\" alt=\"immigration_services\" width=\"1080\" height=\"1080\" \/><\/p>\r\n<h4>SERVICIOS DE INMIGRACI\u00d3N<\/h4>\r\n<p>Ayudamos a nuestros vecinos de habla hispana con servicios esenciales para ayudarles a prosperar.<\/p>\r\n<p><a href=\"https:\/\/sfcsstl.org\/es\/servicios-de-inmigracion\/\" target=\"_self\"> M\u00c1S INFORMACI\u00d3N <\/a> <img loading=\"lazy\" decoding=\"async\" title=\"legal_aid\" src=\"https:\/\/sfcsstl.org\/wp-content\/uploads\/2025\/06\/legal_aid.jpg\" alt=\"legal_aid\" width=\"1080\" height=\"1080\" \/><\/p>\r\n<h4>ASISTENCIA LEGAL<\/h4>\r\n<p>Luchamos por los derechos legales de los clientes que de otro modo no podr\u00edan pagar un abogado.<\/p>\r\n<p><a href=\"https:\/\/sfcsstl.org\/es\/services\/asistencia-juridica\/\" target=\"_self\"> M\u00c1S INFORMACI\u00d3N <\/a> <img loading=\"lazy\" decoding=\"async\" title=\"Case Management for Website\" src=\"https:\/\/sfcsstl.org\/wp-content\/uploads\/2015\/09\/Case-Management-for-Website.png\" alt=\"Case Management for Website\" width=\"1256\" height=\"676\" \/><\/p>\r\n<h4>Caminos hacia el progreso<\/h4>\r\n<p>Combinando el conocimiento del cliente con la defensa de un gestor de casos para transformar vidas.<\/p>\r\n<p><a href=\"https:\/\/sfcsstl.org\/es\/services\/caminos-hacia-el-progreso\/\" target=\"_self\"> M\u00c1S INFORMACI\u00d3N <\/a><\/p>\r\n<h3>Empoderando a los j\u00f3venes biling\u00fces para que prosperen<\/h3>\r\n<p>Nuestro programa para j\u00f3venes biling\u00fces crea un espacio seguro y acogedor para que los ni\u00f1os de inmigrantes que hablan espa\u00f1ol e ingl\u00e9s crezcan, acad\u00e9mica, social y emocionalmente. Con un personal biling\u00fce atento, tutor\u00edas, juegos creativos y campamentos de verano, los ni\u00f1os adquieren la confianza y las habilidades que necesitan para tener \u00e9xito tanto en la escuela como en la vida.<\/p>\r\n<p><a href=\"https:\/\/sfcsstl.org\/es\/services\/programa-juvenil-bilingue\/\" target=\"_self\"> m\u00e1s informaci\u00f3n <\/a><\/p>\r\n<h4>Noticias de St. Francis<\/h4>\r\n<ul>\r\n<li data-children-wrapper=\"true\">\u00a0<\/li>\r\n<li data-children-wrapper=\"true\">\u00a0<\/li>\r\n<li data-children-wrapper=\"true\">\u00a0<\/li>\r\n<li data-children-wrapper=\"true\">\u00a0<\/li>\r\n<\/ul>\r\n<p><img decoding=\"async\" src=\"https:\/\/sfcsstl.org\/wp-content\/plugins\/bb-plugin\/img\/pixel.png\" alt=\"\" \/><\/p>\r\n<h5><\/h5>\r\n<h5><\/h5>\r\n<p> <a target=\"_self\"> leer m\u00e1s <\/a><\/p>\r\n","protected":false},"excerpt":{"rendered":"<p>Nuestra misi\u00f3n Empoderamos a personas y familias multiculturales DONAR SOLICITAR SERVICIOS Nuestros servicios SERVICIOS DE INMIGRACI\u00d3N Ayudamos a nuestros vecinos de habla hispana con servicios esenciales para ayudarles a prosperar. M\u00c1S INFORMACI\u00d3N ASISTENCIA LEGAL Luchamos por los derechos legales de los clientes que de otro modo no podr\u00edan pagar un abogado. M\u00c1S INFORMACI\u00d3N Caminos hacia&hellip;<\/p>\n","protected":false},"author":18,"featured_media":0,"parent":0,"menu_order":0,"comment_status":"closed","ping_status":"closed","template":"","meta":{"_acf_changed":false,"inline_featured_image":false,"footnotes":""},"class_list":["post-268712","page","type-page","status-publish","hentry"],"acf":[],"aioseo_notices":[],"yoast_head":"<!-- This site is optimized with the Yoast SEO plugin v24.1 - https:\/\/yoast.com\/wordpress\/plugins\/seo\/ -->\n<title>Inicio - St. Francis Community Services<\/title>\n<meta name=\"robots\" content=\"index, follow, max-snippet:-1, max-image-preview:large, max-video-preview:-1\" \/>\n<link rel=\"canonical\" href=\"https:\/\/sfcsstl.org\/es\/\" \/>\n<meta property=\"og:locale\" content=\"es_ES\" \/>\n<meta property=\"og:type\" content=\"article\" \/>\n<meta property=\"og:title\" content=\"Inicio - St. Francis Community Services\" \/>\n<meta property=\"og:description\" content=\"Nuestra misi\u00f3n Empoderamos a personas y familias multiculturales DONAR SOLICITAR SERVICIOS Nuestros servicios SERVICIOS DE INMIGRACI\u00d3N Ayudamos a nuestros vecinos de habla hispana con servicios esenciales para ayudarles a prosperar. M\u00c1S INFORMACI\u00d3N ASISTENCIA LEGAL Luchamos por los derechos legales de los clientes que de otro modo no podr\u00edan pagar un abogado. M\u00c1S INFORMACI\u00d3N Caminos hacia&hellip;\" \/>\n<meta property=\"og:url\" content=\"https:\/\/sfcsstl.org\/es\/\" \/>\n<meta property=\"og:site_name\" content=\"St. Francis Community Services\" \/>\n<meta property=\"article:modified_time\" content=\"2025-11-27T16:37:36+00:00\" \/>\n<meta property=\"og:image\" content=\"https:\/\/sfcsstl.org\/wp-content\/uploads\/2025\/06\/immigration_services.jpg\" \/>\n<meta name=\"twitter:card\" content=\"summary_large_image\" \/>\n<meta name=\"twitter:label1\" content=\"Est. reading time\" \/>\n\t<meta name=\"twitter:data1\" content=\"2 minutos\" \/>\n<script type=\"application\/ld+json\" class=\"yoast-schema-graph\">{\"@context\":\"https:\/\/schema.org\",\"@graph\":[{\"@type\":\"WebPage\",\"@id\":\"https:\/\/sfcsstl.org\/es\/\",\"url\":\"https:\/\/sfcsstl.org\/es\/\",\"name\":\"Inicio - St. Francis Community Services\",\"isPartOf\":{\"@id\":\"https:\/\/sfcsstl.org\/es\/#website\"},\"primaryImageOfPage\":{\"@id\":\"https:\/\/sfcsstl.org\/es\/#primaryimage\"},\"image\":{\"@id\":\"https:\/\/sfcsstl.org\/es\/#primaryimage\"},\"thumbnailUrl\":\"https:\/\/sfcsstl.org\/wp-content\/uploads\/2025\/06\/immigration_services.jpg\",\"datePublished\":\"2025-03-21T20:37:59+00:00\",\"dateModified\":\"2025-11-27T16:37:36+00:00\",\"breadcrumb\":{\"@id\":\"https:\/\/sfcsstl.org\/es\/#breadcrumb\"},\"inLanguage\":\"es\",\"potentialAction\":[{\"@type\":\"ReadAction\",\"target\":[\"https:\/\/sfcsstl.org\/es\/\"]}]},{\"@type\":\"ImageObject\",\"inLanguage\":\"es\",\"@id\":\"https:\/\/sfcsstl.org\/es\/#primaryimage\",\"url\":\"https:\/\/sfcsstl.org\/wp-content\/uploads\/2025\/06\/immigration_services.jpg\",\"contentUrl\":\"https:\/\/sfcsstl.org\/wp-content\/uploads\/2025\/06\/immigration_services.jpg\"},{\"@type\":\"BreadcrumbList\",\"@id\":\"https:\/\/sfcsstl.org\/es\/#breadcrumb\",\"itemListElement\":[{\"@type\":\"ListItem\",\"position\":1,\"name\":\"Home\",\"item\":\"https:\/\/sfcsstl.org\/es\/\"},{\"@type\":\"ListItem\",\"position\":2,\"name\":\"Inicio\"}]},{\"@type\":\"WebSite\",\"@id\":\"https:\/\/sfcsstl.org\/es\/#website\",\"url\":\"https:\/\/sfcsstl.org\/es\/\",\"name\":\"St. Francis Community Services\",\"description\":\"Achieving A Better Tomorrow\",\"potentialAction\":[{\"@type\":\"SearchAction\",\"target\":{\"@type\":\"EntryPoint\",\"urlTemplate\":\"https:\/\/sfcsstl.org\/es\/?s={search_term_string}\"},\"query-input\":{\"@type\":\"PropertyValueSpecification\",\"valueRequired\":true,\"valueName\":\"search_term_string\"}}],\"inLanguage\":\"es\"}]}<\/script>\n<!-- \/ Yoast SEO plugin. -->","yoast_head_json":{"title":"Inicio - St. Francis Community Services","robots":{"index":"index","follow":"follow","max-snippet":"max-snippet:-1","max-image-preview":"max-image-preview:large","max-video-preview":"max-video-preview:-1"},"canonical":"https:\/\/sfcsstl.org\/es\/","og_locale":"es_ES","og_type":"article","og_title":"Inicio - St. Francis Community Services","og_description":"Nuestra misi\u00f3n Empoderamos a personas y familias multiculturales DONAR SOLICITAR SERVICIOS Nuestros servicios SERVICIOS DE INMIGRACI\u00d3N Ayudamos a nuestros vecinos de habla hispana con servicios esenciales para ayudarles a prosperar. M\u00c1S INFORMACI\u00d3N ASISTENCIA LEGAL Luchamos por los derechos legales de los clientes que de otro modo no podr\u00edan pagar un abogado. M\u00c1S INFORMACI\u00d3N Caminos hacia&hellip;","og_url":"https:\/\/sfcsstl.org\/es\/","og_site_name":"St. Francis Community Services","article_modified_time":"2025-11-27T16:37:36+00:00","og_image":[{"url":"https:\/\/sfcsstl.org\/wp-content\/uploads\/2025\/06\/immigration_services.jpg","type":"","width":"","height":""}],"twitter_card":"summary_large_image","twitter_misc":{"Est. reading time":"2 minutos"},"schema":{"@context":"https:\/\/schema.org","@graph":[{"@type":"WebPage","@id":"https:\/\/sfcsstl.org\/es\/","url":"https:\/\/sfcsstl.org\/es\/","name":"Inicio - St. Francis Community Services","isPartOf":{"@id":"https:\/\/sfcsstl.org\/es\/#website"},"primaryImageOfPage":{"@id":"https:\/\/sfcsstl.org\/es\/#primaryimage"},"image":{"@id":"https:\/\/sfcsstl.org\/es\/#primaryimage"},"thumbnailUrl":"https:\/\/sfcsstl.org\/wp-content\/uploads\/2025\/06\/immigration_services.jpg","datePublished":"2025-03-21T20:37:59+00:00","dateModified":"2025-11-27T16:37:36+00:00","breadcrumb":{"@id":"https:\/\/sfcsstl.org\/es\/#breadcrumb"},"inLanguage":"es","potentialAction":[{"@type":"ReadAction","target":["https:\/\/sfcsstl.org\/es\/"]}]},{"@type":"ImageObject","inLanguage":"es","@id":"https:\/\/sfcsstl.org\/es\/#primaryimage","url":"https:\/\/sfcsstl.org\/wp-content\/uploads\/2025\/06\/immigration_services.jpg","contentUrl":"https:\/\/sfcsstl.org\/wp-content\/uploads\/2025\/06\/immigration_services.jpg"},{"@type":"BreadcrumbList","@id":"https:\/\/sfcsstl.org\/es\/#breadcrumb","itemListElement":[{"@type":"ListItem","position":1,"name":"Home","item":"https:\/\/sfcsstl.org\/es\/"},{"@type":"ListItem","position":2,"name":"Inicio"}]},{"@type":"WebSite","@id":"https:\/\/sfcsstl.org\/es\/#website","url":"https:\/\/sfcsstl.org\/es\/","name":"St. Francis Community Services","description":"Achieving A Better Tomorrow","potentialAction":[{"@type":"SearchAction","target":{"@type":"EntryPoint","urlTemplate":"https:\/\/sfcsstl.org\/es\/?s={search_term_string}"},"query-input":{"@type":"PropertyValueSpecification","valueRequired":true,"valueName":"search_term_string"}}],"inLanguage":"es"}]}},"_links":{"self":[{"href":"https:\/\/sfcsstl.org\/es\/wp-json\/wp\/v2\/pages\/268712","targetHints":{"allow":["GET"]}}],"collection":[{"href":"https:\/\/sfcsstl.org\/es\/wp-json\/wp\/v2\/pages"}],"about":[{"href":"https:\/\/sfcsstl.org\/es\/wp-json\/wp\/v2\/types\/page"}],"author":[{"embeddable":true,"href":"https:\/\/sfcsstl.org\/es\/wp-json\/wp\/v2\/users\/18"}],"replies":[{"embeddable":true,"href":"https:\/\/sfcsstl.org\/es\/wp-json\/wp\/v2\/comments?post=268712"}],"version-history":[{"count":0,"href":"https:\/\/sfcsstl.org\/es\/wp-json\/wp\/v2\/pages\/268712\/revisions"}],"wp:attachment":[{"href":"https:\/\/sfcsstl.org\/es\/wp-json\/wp\/v2\/media?parent=268712"}],"curies":[{"name":"wp","href":"https:\/\/api.w.org\/{rel}","templated":true}]}}