{"id":268702,"date":"2025-06-02T15:00:10","date_gmt":"2025-06-02T15:00:10","guid":{"rendered":"https:\/\/sfcsstl.org\/servicios-de-inmigracion\/"},"modified":"2025-09-25T16:57:06","modified_gmt":"2025-09-25T16:57:06","slug":"servicios-de-inmigracion","status":"publish","type":"page","link":"https:\/\/sfcsstl.org\/es\/servicios-de-inmigracion\/","title":{"rendered":"Servicios de inmigraci\u00f3n"},"content":{"rendered":"\n\n\t<p><a href=\"https:\/\/sfcsstl.org\/es\/servicios\/\">&lt; Volver a todos los servicios<\/a><\/p>\n<h2>\n\t\t\t\t<\/h2>\n\t\n<h6>\n\t\t\tAyudamos a personas y familias multiculturales de bajos ingresos a mejorar sus vidas.\t<\/h6>\n\t\t\t\tTODO\n\t\t\t\tESPA\u00d1OL\n\t\t\t\tINGL\u00c9S\n\t\t\t\t\t\t\tTODO\n\t<ul>\n\t\t<li  data-children-wrapper=\"true\">\n\t\t\t\t<img decoding=\"async\" src=\"https:\/\/sfcsstl.org\/wp-content\/plugins\/bb-plugin\/img\/pixel.png\" alt=\"\" itemprop=\"image\" onerror=\"this.style.display='none'\" loading='lazy' \/>\n\t<h4  data-node=\"gz5nk86wum94\" data-parent=\"o70sgtrbhxkd\" data-type=\"heading\" data-name=\"T\u00edtulo\">\n\t\t\t\t<\/h4>\n\tAyudamos a nuestros vecinos de habla hispana con servicios esenciales para que puedan prosperar.\n\n\t\t\t<a href=\"\" target=\"_self\">\n\t\t\t\t\t\t\tM\u00c1S INFORMACI\u00d3N\n\t\t\t\t\t<\/a>\n<\/li><li  data-children-wrapper=\"true\">\n\t\t\t\t<img decoding=\"async\" src=\"https:\/\/sfcsstl.org\/wp-content\/plugins\/bb-plugin\/img\/pixel.png\" alt=\"\" itemprop=\"image\" onerror=\"this.style.display='none'\" loading='lazy' \/>\n\t<h4  data-node=\"gz5nk86wum94\" data-parent=\"o70sgtrbhxkd\" data-type=\"heading\" data-name=\"T\u00edtulo\">\n\t\t\t\t<\/h4>\n\t<p>Abriendo Puertas es un programa que tiene como objetivo mejorar la calidad de vida de las familias reci\u00e9n llegadas acompa\u00f1\u00e1ndolas en su proceso de asentamiento en Saint Louis. <\/p>\n\t\t\t<a href=\"\" target=\"_self\">\n\t\t\t\t\t\t\tM\u00c1S INFORMACI\u00d3N\n\t\t\t\t\t<\/a>\n<\/li><li  data-children-wrapper=\"true\">\n\t\t\t\t<img decoding=\"async\" src=\"https:\/\/sfcsstl.org\/wp-content\/plugins\/bb-plugin\/img\/pixel.png\" alt=\"\" itemprop=\"image\" onerror=\"this.style.display='none'\" loading='lazy' \/>\n\t<h4  data-node=\"gz5nk86wum94\" data-parent=\"o70sgtrbhxkd\" data-type=\"heading\" data-name=\"T\u00edtulo\">\n\t\t\t\t<\/h4>\n\t<p>Luchando por los derechos legales de clientes que de otro modo no podr\u00edan pagar un abogado<\/p>\n\t\t\t<a href=\"\" target=\"_self\">\n\t\t\t\t\t\t\tM\u00c1S INFORMACI\u00d3N\n\t\t\t\t\t<\/a>\n<\/li><li  data-children-wrapper=\"true\">\n\t\t\t\t<img decoding=\"async\" src=\"https:\/\/sfcsstl.org\/wp-content\/plugins\/bb-plugin\/img\/pixel.png\" alt=\"\" itemprop=\"image\" onerror=\"this.style.display='none'\" loading='lazy' \/>\n\t<h4  data-node=\"gz5nk86wum94\" data-parent=\"o70sgtrbhxkd\" data-type=\"heading\" data-name=\"T\u00edtulo\">\n\t\t\t\t<\/h4>\n\t<p>Creando un espacio donde los hijos de inmigrantes puedan sentirse como en casa<\/p>\n\t\t\t<a href=\"\" target=\"_self\">\n\t\t\t\t\t\t\tM\u00c1S INFORMACI\u00d3N\n\t\t\t\t\t<\/a>\n<\/li><li  data-children-wrapper=\"true\">\n\t\t\t\t<img decoding=\"async\" src=\"https:\/\/sfcsstl.org\/wp-content\/plugins\/bb-plugin\/img\/pixel.png\" alt=\"\" itemprop=\"image\" onerror=\"this.style.display='none'\" loading='lazy' \/>\n\t<h4  data-node=\"gz5nk86wum94\" data-parent=\"o70sgtrbhxkd\" data-type=\"heading\" data-name=\"T\u00edtulo\">\n\t\t\t\t<\/h4>\n\t<p>Ofrecemos asesoramiento culturalmente competente centrado en la comunidad inmigrante de habla hispana<\/p>\n\t\t\t<a href=\"\" target=\"_self\">\n\t\t\t\t\t\t\tM\u00c1S INFORMACI\u00d3N\n\t\t\t\t\t<\/a>\n<\/li>\t<\/ul>\n\t\t\t\t\t\t\tESPA\u00d1OL\n\t<ul>\n\t\t<li  data-children-wrapper=\"true\">\n\t\t\t\t<img decoding=\"async\" src=\"https:\/\/sfcsstl.org\/wp-content\/plugins\/bb-plugin\/img\/pixel.png\" alt=\"\" itemprop=\"image\" onerror=\"this.style.display='none'\" loading='lazy' \/>\n\t<h4  data-node=\"8lhmwco32vzg\" data-parent=\"cnle0s9xi5vp\" data-type=\"heading\" data-name=\"T\u00edtulo\">\n\t\t\t\t<\/h4>\n\tAyudamos a nuestros vecinos de habla hispana con servicios esenciales para que puedan prosperar.\n\n\t\t\t<a href=\"\" target=\"_self\">\n\t\t\t\t\t\t\tM\u00c1S INFORMACI\u00d3N\n\t\t\t\t\t<\/a>\n<\/li><li  data-children-wrapper=\"true\">\n\t\t\t\t<img decoding=\"async\" src=\"https:\/\/sfcsstl.org\/wp-content\/plugins\/bb-plugin\/img\/pixel.png\" alt=\"\" itemprop=\"image\" onerror=\"this.style.display='none'\" loading='lazy' \/>\n\t<h4  data-node=\"8lhmwco32vzg\" data-parent=\"cnle0s9xi5vp\" data-type=\"heading\" data-name=\"T\u00edtulo\">\n\t\t\t\t<\/h4>\n\t<p>Abriendo Puertas es un programa que tiene como objetivo mejorar la calidad de vida de las familias reci\u00e9n llegadas acompa\u00f1\u00e1ndolas en su proceso de asentamiento en Saint Louis. <\/p>\n\t\t\t<a href=\"\" target=\"_self\">\n\t\t\t\t\t\t\tM\u00c1S INFORMACI\u00d3N\n\t\t\t\t\t<\/a>\n<\/li><li  data-children-wrapper=\"true\">\n\t\t\t\t<img decoding=\"async\" src=\"https:\/\/sfcsstl.org\/wp-content\/plugins\/bb-plugin\/img\/pixel.png\" alt=\"\" itemprop=\"image\" onerror=\"this.style.display='none'\" loading='lazy' \/>\n\t<h4  data-node=\"8lhmwco32vzg\" data-parent=\"cnle0s9xi5vp\" data-type=\"heading\" data-name=\"T\u00edtulo\">\n\t\t\t\t<\/h4>\n\t<p>Creando un espacio donde los hijos de inmigrantes puedan sentirse como en casa<\/p>\n\t\t\t<a href=\"\" target=\"_self\">\n\t\t\t\t\t\t\tM\u00c1S INFORMACI\u00d3N\n\t\t\t\t\t<\/a>\n<\/li><li  data-children-wrapper=\"true\">\n\t\t\t\t<img decoding=\"async\" src=\"https:\/\/sfcsstl.org\/wp-content\/plugins\/bb-plugin\/img\/pixel.png\" alt=\"\" itemprop=\"image\" onerror=\"this.style.display='none'\" loading='lazy' \/>\n\t<h4  data-node=\"8lhmwco32vzg\" data-parent=\"cnle0s9xi5vp\" data-type=\"heading\" data-name=\"T\u00edtulo\">\n\t\t\t\t<\/h4>\n\t<p>Ofrecemos asesoramiento culturalmente competente centrado en la comunidad inmigrante de habla hispana<\/p>\n\t\t\t<a href=\"\" target=\"_self\">\n\t\t\t\t\t\t\tM\u00c1S INFORMACI\u00d3N\n\t\t\t\t\t<\/a>\n<\/li>\t<\/ul>\n\t\t\t\t\t\t\tINGL\u00c9S\n\t<ul>\n\t\t<li  data-children-wrapper=\"true\">\n\t\t\t\t<img decoding=\"async\" src=\"https:\/\/sfcsstl.org\/wp-content\/plugins\/bb-plugin\/img\/pixel.png\" alt=\"\" itemprop=\"image\" onerror=\"this.style.display='none'\" loading='lazy' \/>\n\t<h4  data-node=\"qtvjh5ifrxmy\" data-parent=\"4zqvk5byjua2\" data-type=\"heading\" data-name=\"T\u00edtulo\">\n\t\t\t\t<\/h4>\n\t<p>Abriendo Puertas es un programa que tiene como objetivo mejorar la calidad de vida de las familias reci\u00e9n llegadas acompa\u00f1\u00e1ndolas en su proceso de asentamiento en Saint Louis. <\/p>\n\t\t\t<a href=\"\" target=\"_self\">\n\t\t\t\t\t\t\tM\u00c1S INFORMACI\u00d3N\n\t\t\t\t\t<\/a>\n<\/li><li  data-children-wrapper=\"true\">\n\t\t\t\t<img decoding=\"async\" src=\"https:\/\/sfcsstl.org\/wp-content\/plugins\/bb-plugin\/img\/pixel.png\" alt=\"\" itemprop=\"image\" onerror=\"this.style.display='none'\" loading='lazy' \/>\n\t<h4  data-node=\"qtvjh5ifrxmy\" data-parent=\"4zqvk5byjua2\" data-type=\"heading\" data-name=\"T\u00edtulo\">\n\t\t\t\t<\/h4>\n\t<p>Luchando por los derechos legales de clientes que de otro modo no podr\u00edan pagar un abogado<\/p>\n\t\t\t<a href=\"\" target=\"_self\">\n\t\t\t\t\t\t\tM\u00c1S INFORMACI\u00d3N\n\t\t\t\t\t<\/a>\n<\/li><li  data-children-wrapper=\"true\">\n\t\t\t\t<img decoding=\"async\" src=\"https:\/\/sfcsstl.org\/wp-content\/plugins\/bb-plugin\/img\/pixel.png\" alt=\"\" itemprop=\"image\" onerror=\"this.style.display='none'\" loading='lazy' \/>\n\t<h4  data-node=\"qtvjh5ifrxmy\" data-parent=\"4zqvk5byjua2\" data-type=\"heading\" data-name=\"T\u00edtulo\">\n\t\t\t\t<\/h4>\n\t<p>Creando un espacio donde los hijos de inmigrantes puedan sentirse como en casa<\/p>\n\t\t\t<a href=\"\" target=\"_self\">\n\t\t\t\t\t\t\tM\u00c1S INFORMACI\u00d3N\n\t\t\t\t\t<\/a>\n<\/li>\t<\/ul>\n\n","protected":false},"excerpt":{"rendered":"<p>&lt; Volver a todos los servicios Ayudamos a personas y familias multiculturales de bajos ingresos a mejorar sus vidas. TODO ESPA\u00d1OL INGL\u00c9S TODO Ayudamos a nuestros vecinos de habla hispana con servicios esenciales para que puedan prosperar. M\u00c1S INFORMACI\u00d3N Abriendo Puertas es un programa que tiene como objetivo mejorar la calidad de vida de las&hellip;<\/p>\n","protected":false},"author":18,"featured_media":0,"parent":0,"menu_order":0,"comment_status":"closed","ping_status":"closed","template":"","meta":{"_acf_changed":false,"inline_featured_image":false,"footnotes":""},"class_list":["post-268702","page","type-page","status-publish","hentry"],"acf":[],"aioseo_notices":[],"yoast_head":"<!-- This site is optimized with the Yoast SEO plugin v24.1 - https:\/\/yoast.com\/wordpress\/plugins\/seo\/ -->\n<title>Servicios de inmigraci\u00f3n - St. Francis Community Services<\/title>\n<meta name=\"robots\" content=\"index, follow, max-snippet:-1, max-image-preview:large, max-video-preview:-1\" \/>\n<link rel=\"canonical\" href=\"https:\/\/sfcsstl.org\/es\/servicios-de-inmigracion\/\" \/>\n<meta property=\"og:locale\" content=\"es_ES\" \/>\n<meta property=\"og:type\" content=\"article\" \/>\n<meta property=\"og:title\" content=\"Servicios de inmigraci\u00f3n - St. Francis Community Services\" \/>\n<meta property=\"og:description\" content=\"&lt; Volver a todos los servicios Ayudamos a personas y familias multiculturales de bajos ingresos a mejorar sus vidas. TODO ESPA\u00d1OL INGL\u00c9S TODO Ayudamos a nuestros vecinos de habla hispana con servicios esenciales para que puedan prosperar. M\u00c1S INFORMACI\u00d3N Abriendo Puertas es un programa que tiene como objetivo mejorar la calidad de vida de las&hellip;\" \/>\n<meta property=\"og:url\" content=\"https:\/\/sfcsstl.org\/es\/servicios-de-inmigracion\/\" \/>\n<meta property=\"og:site_name\" content=\"St. Francis Community Services\" \/>\n<meta property=\"article:modified_time\" content=\"2025-09-25T16:57:06+00:00\" \/>\n<meta property=\"og:image\" content=\"https:\/\/sfcsstl.org\/wp-content\/plugins\/bb-plugin\/img\/pixel.png\" \/>\n<meta name=\"twitter:card\" content=\"summary_large_image\" \/>\n<meta name=\"twitter:label1\" content=\"Est. reading time\" \/>\n\t<meta name=\"twitter:data1\" content=\"1 minuto\" \/>\n<script type=\"application\/ld+json\" class=\"yoast-schema-graph\">{\"@context\":\"https:\/\/schema.org\",\"@graph\":[{\"@type\":\"WebPage\",\"@id\":\"https:\/\/sfcsstl.org\/es\/servicios-de-inmigracion\/\",\"url\":\"https:\/\/sfcsstl.org\/es\/servicios-de-inmigracion\/\",\"name\":\"Servicios de inmigraci\u00f3n - St. Francis Community Services\",\"isPartOf\":{\"@id\":\"https:\/\/sfcsstl.org\/es\/#website\"},\"primaryImageOfPage\":{\"@id\":\"https:\/\/sfcsstl.org\/es\/servicios-de-inmigracion\/#primaryimage\"},\"image\":{\"@id\":\"https:\/\/sfcsstl.org\/es\/servicios-de-inmigracion\/#primaryimage\"},\"thumbnailUrl\":\"https:\/\/sfcsstl.org\/wp-content\/plugins\/bb-plugin\/img\/pixel.png\",\"datePublished\":\"2025-06-02T15:00:10+00:00\",\"dateModified\":\"2025-09-25T16:57:06+00:00\",\"breadcrumb\":{\"@id\":\"https:\/\/sfcsstl.org\/es\/servicios-de-inmigracion\/#breadcrumb\"},\"inLanguage\":\"es\",\"potentialAction\":[{\"@type\":\"ReadAction\",\"target\":[\"https:\/\/sfcsstl.org\/es\/servicios-de-inmigracion\/\"]}]},{\"@type\":\"ImageObject\",\"inLanguage\":\"es\",\"@id\":\"https:\/\/sfcsstl.org\/es\/servicios-de-inmigracion\/#primaryimage\",\"url\":\"https:\/\/sfcsstl.org\/wp-content\/plugins\/bb-plugin\/img\/pixel.png\",\"contentUrl\":\"https:\/\/sfcsstl.org\/wp-content\/plugins\/bb-plugin\/img\/pixel.png\"},{\"@type\":\"BreadcrumbList\",\"@id\":\"https:\/\/sfcsstl.org\/es\/servicios-de-inmigracion\/#breadcrumb\",\"itemListElement\":[{\"@type\":\"ListItem\",\"position\":1,\"name\":\"Home\",\"item\":\"https:\/\/sfcsstl.org\/es\/\"},{\"@type\":\"ListItem\",\"position\":2,\"name\":\"Servicios de inmigraci\u00f3n\"}]},{\"@type\":\"WebSite\",\"@id\":\"https:\/\/sfcsstl.org\/es\/#website\",\"url\":\"https:\/\/sfcsstl.org\/es\/\",\"name\":\"St. Francis Community Services\",\"description\":\"Achieving A Better Tomorrow\",\"potentialAction\":[{\"@type\":\"SearchAction\",\"target\":{\"@type\":\"EntryPoint\",\"urlTemplate\":\"https:\/\/sfcsstl.org\/es\/?s={search_term_string}\"},\"query-input\":{\"@type\":\"PropertyValueSpecification\",\"valueRequired\":true,\"valueName\":\"search_term_string\"}}],\"inLanguage\":\"es\"}]}<\/script>\n<!-- \/ Yoast SEO plugin. -->","yoast_head_json":{"title":"Servicios de inmigraci\u00f3n - St. Francis Community Services","robots":{"index":"index","follow":"follow","max-snippet":"max-snippet:-1","max-image-preview":"max-image-preview:large","max-video-preview":"max-video-preview:-1"},"canonical":"https:\/\/sfcsstl.org\/es\/servicios-de-inmigracion\/","og_locale":"es_ES","og_type":"article","og_title":"Servicios de inmigraci\u00f3n - St. Francis Community Services","og_description":"&lt; Volver a todos los servicios Ayudamos a personas y familias multiculturales de bajos ingresos a mejorar sus vidas. TODO ESPA\u00d1OL INGL\u00c9S TODO Ayudamos a nuestros vecinos de habla hispana con servicios esenciales para que puedan prosperar. M\u00c1S INFORMACI\u00d3N Abriendo Puertas es un programa que tiene como objetivo mejorar la calidad de vida de las&hellip;","og_url":"https:\/\/sfcsstl.org\/es\/servicios-de-inmigracion\/","og_site_name":"St. Francis Community Services","article_modified_time":"2025-09-25T16:57:06+00:00","og_image":[{"url":"https:\/\/sfcsstl.org\/wp-content\/plugins\/bb-plugin\/img\/pixel.png","type":"","width":"","height":""}],"twitter_card":"summary_large_image","twitter_misc":{"Est. reading time":"1 minuto"},"schema":{"@context":"https:\/\/schema.org","@graph":[{"@type":"WebPage","@id":"https:\/\/sfcsstl.org\/es\/servicios-de-inmigracion\/","url":"https:\/\/sfcsstl.org\/es\/servicios-de-inmigracion\/","name":"Servicios de inmigraci\u00f3n - St. Francis Community Services","isPartOf":{"@id":"https:\/\/sfcsstl.org\/es\/#website"},"primaryImageOfPage":{"@id":"https:\/\/sfcsstl.org\/es\/servicios-de-inmigracion\/#primaryimage"},"image":{"@id":"https:\/\/sfcsstl.org\/es\/servicios-de-inmigracion\/#primaryimage"},"thumbnailUrl":"https:\/\/sfcsstl.org\/wp-content\/plugins\/bb-plugin\/img\/pixel.png","datePublished":"2025-06-02T15:00:10+00:00","dateModified":"2025-09-25T16:57:06+00:00","breadcrumb":{"@id":"https:\/\/sfcsstl.org\/es\/servicios-de-inmigracion\/#breadcrumb"},"inLanguage":"es","potentialAction":[{"@type":"ReadAction","target":["https:\/\/sfcsstl.org\/es\/servicios-de-inmigracion\/"]}]},{"@type":"ImageObject","inLanguage":"es","@id":"https:\/\/sfcsstl.org\/es\/servicios-de-inmigracion\/#primaryimage","url":"https:\/\/sfcsstl.org\/wp-content\/plugins\/bb-plugin\/img\/pixel.png","contentUrl":"https:\/\/sfcsstl.org\/wp-content\/plugins\/bb-plugin\/img\/pixel.png"},{"@type":"BreadcrumbList","@id":"https:\/\/sfcsstl.org\/es\/servicios-de-inmigracion\/#breadcrumb","itemListElement":[{"@type":"ListItem","position":1,"name":"Home","item":"https:\/\/sfcsstl.org\/es\/"},{"@type":"ListItem","position":2,"name":"Servicios de inmigraci\u00f3n"}]},{"@type":"WebSite","@id":"https:\/\/sfcsstl.org\/es\/#website","url":"https:\/\/sfcsstl.org\/es\/","name":"St. Francis Community Services","description":"Achieving A Better Tomorrow","potentialAction":[{"@type":"SearchAction","target":{"@type":"EntryPoint","urlTemplate":"https:\/\/sfcsstl.org\/es\/?s={search_term_string}"},"query-input":{"@type":"PropertyValueSpecification","valueRequired":true,"valueName":"search_term_string"}}],"inLanguage":"es"}]}},"_links":{"self":[{"href":"https:\/\/sfcsstl.org\/es\/wp-json\/wp\/v2\/pages\/268702","targetHints":{"allow":["GET"]}}],"collection":[{"href":"https:\/\/sfcsstl.org\/es\/wp-json\/wp\/v2\/pages"}],"about":[{"href":"https:\/\/sfcsstl.org\/es\/wp-json\/wp\/v2\/types\/page"}],"author":[{"embeddable":true,"href":"https:\/\/sfcsstl.org\/es\/wp-json\/wp\/v2\/users\/18"}],"replies":[{"embeddable":true,"href":"https:\/\/sfcsstl.org\/es\/wp-json\/wp\/v2\/comments?post=268702"}],"version-history":[{"count":0,"href":"https:\/\/sfcsstl.org\/es\/wp-json\/wp\/v2\/pages\/268702\/revisions"}],"wp:attachment":[{"href":"https:\/\/sfcsstl.org\/es\/wp-json\/wp\/v2\/media?parent=268702"}],"curies":[{"name":"wp","href":"https:\/\/api.w.org\/{rel}","templated":true}]}}